{"id":9907,"date":"2024-10-06T21:06:14","date_gmt":"2024-10-07T00:06:14","guid":{"rendered":"https:\/\/redecomua.org.br\/?page_id=9907"},"modified":"2024-11-29T13:45:26","modified_gmt":"2024-11-29T16:45:26","slug":"obrigado-filantropia-comunitaria-no-brasil","status":"publish","type":"page","link":"https:\/\/wordpress-wyy8bhlsif5v8gukfr0yhxue.studio.tikovolpe.com.br\/en\/obrigado-filantropia-comunitaria-no-brasil\/","title":{"rendered":"Obrigado &#8211; Filantropia Comunit\u00e1ria no Brasil"},"content":{"rendered":"<div data-elementor-type=\"wp-page\" data-elementor-id=\"9907\" class=\"elementor elementor-9907\" data-elementor-settings=\"{&quot;element_pack_global_tooltip_width&quot;:{&quot;unit&quot;:&quot;px&quot;,&quot;size&quot;:&quot;&quot;,&quot;sizes&quot;:[]},&quot;element_pack_global_tooltip_width_widescreen&quot;:{&quot;unit&quot;:&quot;px&quot;,&quot;size&quot;:&quot;&quot;,&quot;sizes&quot;:[]},&quot;element_pack_global_tooltip_width_laptop&quot;:{&quot;unit&quot;:&quot;px&quot;,&quot;size&quot;:&quot;&quot;,&quot;sizes&quot;:[]},&quot;element_pack_global_tooltip_width_tablet_extra&quot;:{&quot;unit&quot;:&quot;px&quot;,&quot;size&quot;:&quot;&quot;,&quot;sizes&quot;:[]},&quot;element_pack_global_tooltip_width_tablet&quot;:{&quot;unit&quot;:&quot;px&quot;,&quot;size&quot;:&quot;&quot;,&quot;sizes&quot;:[]},&quot;element_pack_global_tooltip_width_mobile&quot;:{&quot;unit&quot;:&quot;px&quot;,&quot;size&quot;:&quot;&quot;,&quot;sizes&quot;:[]},&quot;element_pack_global_tooltip_padding&quot;:{&quot;unit&quot;:&quot;px&quot;,&quot;top&quot;:&quot;&quot;,&quot;right&quot;:&quot;&quot;,&quot;bottom&quot;:&quot;&quot;,&quot;left&quot;:&quot;&quot;,&quot;isLinked&quot;:true},&quot;element_pack_global_tooltip_padding_widescreen&quot;:{&quot;unit&quot;:&quot;px&quot;,&quot;top&quot;:&quot;&quot;,&quot;right&quot;:&quot;&quot;,&quot;bottom&quot;:&quot;&quot;,&quot;left&quot;:&quot;&quot;,&quot;isLinked&quot;:true},&quot;element_pack_global_tooltip_padding_laptop&quot;:{&quot;unit&quot;:&quot;px&quot;,&quot;top&quot;:&quot;&quot;,&quot;right&quot;:&quot;&quot;,&quot;bottom&quot;:&quot;&quot;,&quot;left&quot;:&quot;&quot;,&quot;isLinked&quot;:true},&quot;element_pack_global_tooltip_padding_tablet_extra&quot;:{&quot;unit&quot;:&quot;px&quot;,&quot;top&quot;:&quot;&quot;,&quot;right&quot;:&quot;&quot;,&quot;bottom&quot;:&quot;&quot;,&quot;left&quot;:&quot;&quot;,&quot;isLinked&quot;:true},&quot;element_pack_global_tooltip_padding_tablet&quot;:{&quot;unit&quot;:&quot;px&quot;,&quot;top&quot;:&quot;&quot;,&quot;right&quot;:&quot;&quot;,&quot;bottom&quot;:&quot;&quot;,&quot;left&quot;:&quot;&quot;,&quot;isLinked&quot;:true},&quot;element_pack_global_tooltip_padding_mobile&quot;:{&quot;unit&quot;:&quot;px&quot;,&quot;top&quot;:&quot;&quot;,&quot;right&quot;:&quot;&quot;,&quot;bottom&quot;:&quot;&quot;,&quot;left&quot;:&quot;&quot;,&quot;isLinked&quot;:true},&quot;element_pack_global_tooltip_border_radius&quot;:{&quot;unit&quot;:&quot;px&quot;,&quot;top&quot;:&quot;&quot;,&quot;right&quot;:&quot;&quot;,&quot;bottom&quot;:&quot;&quot;,&quot;left&quot;:&quot;&quot;,&quot;isLinked&quot;:true},&quot;element_pack_global_tooltip_border_radius_widescreen&quot;:{&quot;unit&quot;:&quot;px&quot;,&quot;top&quot;:&quot;&quot;,&quot;right&quot;:&quot;&quot;,&quot;bottom&quot;:&quot;&quot;,&quot;left&quot;:&quot;&quot;,&quot;isLinked&quot;:true},&quot;element_pack_global_tooltip_border_radius_laptop&quot;:{&quot;unit&quot;:&quot;px&quot;,&quot;top&quot;:&quot;&quot;,&quot;right&quot;:&quot;&quot;,&quot;bottom&quot;:&quot;&quot;,&quot;left&quot;:&quot;&quot;,&quot;isLinked&quot;:true},&quot;element_pack_global_tooltip_border_radius_tablet_extra&quot;:{&quot;unit&quot;:&quot;px&quot;,&quot;top&quot;:&quot;&quot;,&quot;right&quot;:&quot;&quot;,&quot;bottom&quot;:&quot;&quot;,&quot;left&quot;:&quot;&quot;,&quot;isLinked&quot;:true},&quot;element_pack_global_tooltip_border_radius_tablet&quot;:{&quot;unit&quot;:&quot;px&quot;,&quot;top&quot;:&quot;&quot;,&quot;right&quot;:&quot;&quot;,&quot;bottom&quot;:&quot;&quot;,&quot;left&quot;:&quot;&quot;,&quot;isLinked&quot;:true},&quot;element_pack_global_tooltip_border_radius_mobile&quot;:{&quot;unit&quot;:&quot;px&quot;,&quot;top&quot;:&quot;&quot;,&quot;right&quot;:&quot;&quot;,&quot;bottom&quot;:&quot;&quot;,&quot;left&quot;:&quot;&quot;,&quot;isLinked&quot;:true}}\" data-elementor-post-type=\"page\">\n\t\t\t\t<div class=\"elementor-element elementor-element-0618746 e-flex e-con-boxed e-con e-parent\" data-id=\"0618746\" data-element_type=\"container\" data-settings=\"{&quot;background_background&quot;:&quot;classic&quot;,&quot;jet_parallax_layout_list&quot;:[]}\">\n\t\t\t\t\t<div class=\"e-con-inner\">\n\t\t\t\t<div class=\"elementor-element elementor-element-25985f5 elementor-widget__width-initial elementor-widget-mobile__width-inherit elementor-widget elementor-widget-image\" data-id=\"25985f5\" data-element_type=\"widget\" data-widget_type=\"image.default\">\n\t\t\t\t<div class=\"elementor-widget-container\">\n\t\t\t\t\t\t\t\t\t\t\t\t\t\t\t<img fetchpriority=\"high\" decoding=\"async\" width=\"640\" height=\"118\" src=\"https:\/\/wordpress-wyy8bhlsif5v8gukfr0yhxue.studio.tikovolpe.com.br\/wp-content\/uploads\/2023\/02\/comua_originais_de_marca_rgb_pos_grafite_horizontal_tagline.svg\" class=\"attachment-full size-full wp-image-27\" alt=\"\" \/>\t\t\t\t\t\t\t\t\t\t\t\t\t\t\t<\/div>\n\t\t\t\t<\/div>\n\t\t\t\t<div class=\"elementor-element elementor-element-f242eea elementor-widget__width-inherit elementor-widget elementor-widget-heading\" data-id=\"f242eea\" data-element_type=\"widget\" data-widget_type=\"heading.default\">\n\t\t\t\t<div class=\"elementor-widget-container\">\n\t\t\t\t\t<h1 class=\"elementor-heading-title elementor-size-default\">Thank you for registering!<\/h1>\t\t\t\t<\/div>\n\t\t\t\t<\/div>\n\t\t\t\t<div class=\"elementor-element elementor-element-4cd3593 elementor-widget__width-initial elementor-widget elementor-widget-heading\" data-id=\"4cd3593\" data-element_type=\"widget\" data-widget_type=\"heading.default\">\n\t\t\t\t<div class=\"elementor-widget-container\">\n\t\t\t\t\t<h2 class=\"elementor-heading-title elementor-size-default\">Acesse a publica\u00e7\u00e3o completa no link para download abaixo:<\/h2>\t\t\t\t<\/div>\n\t\t\t\t<\/div>\n\t\t<div class=\"elementor-element elementor-element-763e2a8 e-con-full e-flex e-con e-child\" data-id=\"763e2a8\" data-element_type=\"container\" data-settings=\"{&quot;jet_parallax_layout_list&quot;:[]}\">\n\t\t\t\t<div class=\"elementor-element elementor-element-547a0cb elementor-widget elementor-widget-image\" data-id=\"547a0cb\" data-element_type=\"widget\" data-widget_type=\"image.default\">\n\t\t\t\t<div class=\"elementor-widget-container\">\n\t\t\t\t\t\t\t\t\t\t\t\t\t\t\t<img decoding=\"async\" width=\"500\" height=\"268\" data-src=\"https:\/\/wordpress-wyy8bhlsif5v8gukfr0yhxue.studio.tikovolpe.com.br\/wp-content\/uploads\/2024\/11\/Ebook-Filantropia-Comunitaria-no-Brasil.png\" class=\"attachment-large size-large wp-image-10416 lazyload\" alt=\"\" data-srcset=\"https:\/\/wordpress-wyy8bhlsif5v8gukfr0yhxue.studio.tikovolpe.com.br\/wp-content\/uploads\/2024\/11\/Ebook-Filantropia-Comunitaria-no-Brasil.png 500w, https:\/\/wordpress-wyy8bhlsif5v8gukfr0yhxue.studio.tikovolpe.com.br\/wp-content\/smush-webp\/2024\/11\/Ebook-Filantropia-Comunitaria-no-Brasil-300x161.png.webp 300w, https:\/\/wordpress-wyy8bhlsif5v8gukfr0yhxue.studio.tikovolpe.com.br\/wp-content\/smush-webp\/2024\/11\/Ebook-Filantropia-Comunitaria-no-Brasil-18x10.png.webp 18w\" data-sizes=\"(max-width: 500px) 100vw, 500px\" src=\"data:image\/svg+xml;base64,PHN2ZyB3aWR0aD0iMSIgaGVpZ2h0PSIxIiB4bWxucz0iaHR0cDovL3d3dy53My5vcmcvMjAwMC9zdmciPjwvc3ZnPg==\" style=\"--smush-placeholder-width: 500px; --smush-placeholder-aspect-ratio: 500\/268;\" \/>\t\t\t\t\t\t\t\t\t\t\t\t\t\t\t<\/div>\n\t\t\t\t<\/div>\n\t\t\t\t<div class=\"elementor-element elementor-element-5018fff elementor-widget elementor-widget-button\" data-id=\"5018fff\" data-element_type=\"widget\" data-widget_type=\"button.default\">\n\t\t\t\t<div class=\"elementor-widget-container\">\n\t\t\t\t\t\t\t\t\t<div class=\"elementor-button-wrapper\">\n\t\t\t\t\t<a class=\"elementor-button elementor-button-link elementor-size-sm\" href=\"https:\/\/drive.google.com\/file\/d\/1qWXFG4Pr2Geo2cKhSETwCf6CmTfo64p-\/view?usp=sharing\" target=\"_blank\" id=\"download_ebook_comua_filantatropia_e_comunicacao_comunitaria\" rel=\"noopener\">\n\t\t\t\t\t\t<span class=\"elementor-button-content-wrapper\">\n\t\t\t\t\t\t\t\t\t<span class=\"elementor-button-text\">Filantropia comunit\u00e1ria no Brasil<\/span>\n\t\t\t\t\t<\/span>\n\t\t\t\t\t<\/a>\n\t\t\t\t<\/div>\n\t\t\t\t\t\t\t\t<\/div>\n\t\t\t\t<\/div>\n\t\t\t\t<\/div>\n\t\t<div class=\"elementor-element elementor-element-4f20770 e-con-full e-flex e-con e-child\" data-id=\"4f20770\" data-element_type=\"container\" data-settings=\"{&quot;jet_parallax_layout_list&quot;:[]}\">\n\t\t\t\t<div class=\"elementor-element elementor-element-ee6413f elementor-widget elementor-widget-image\" data-id=\"ee6413f\" data-element_type=\"widget\" data-widget_type=\"image.default\">\n\t\t\t\t<div class=\"elementor-widget-container\">\n\t\t\t\t\t\t\t\t\t\t\t\t\t\t\t<img decoding=\"async\" width=\"500\" height=\"268\" data-src=\"https:\/\/wordpress-wyy8bhlsif5v8gukfr0yhxue.studio.tikovolpe.com.br\/wp-content\/uploads\/2024\/11\/sumario-executivo-pt-br.png\" class=\"attachment-large size-large wp-image-10417 lazyload\" alt=\"\" data-srcset=\"https:\/\/wordpress-wyy8bhlsif5v8gukfr0yhxue.studio.tikovolpe.com.br\/wp-content\/uploads\/2024\/11\/sumario-executivo-pt-br.png 500w, https:\/\/wordpress-wyy8bhlsif5v8gukfr0yhxue.studio.tikovolpe.com.br\/wp-content\/smush-webp\/2024\/11\/sumario-executivo-pt-br-300x161.png.webp 300w, https:\/\/wordpress-wyy8bhlsif5v8gukfr0yhxue.studio.tikovolpe.com.br\/wp-content\/smush-webp\/2024\/11\/sumario-executivo-pt-br-18x10.png.webp 18w\" data-sizes=\"(max-width: 500px) 100vw, 500px\" src=\"data:image\/svg+xml;base64,PHN2ZyB3aWR0aD0iMSIgaGVpZ2h0PSIxIiB4bWxucz0iaHR0cDovL3d3dy53My5vcmcvMjAwMC9zdmciPjwvc3ZnPg==\" style=\"--smush-placeholder-width: 500px; --smush-placeholder-aspect-ratio: 500\/268;\" \/>\t\t\t\t\t\t\t\t\t\t\t\t\t\t\t<\/div>\n\t\t\t\t<\/div>\n\t\t\t\t<div class=\"elementor-element elementor-element-9bb8f67 elementor-widget elementor-widget-button\" data-id=\"9bb8f67\" data-element_type=\"widget\" data-widget_type=\"button.default\">\n\t\t\t\t<div class=\"elementor-widget-container\">\n\t\t\t\t\t\t\t\t\t<div class=\"elementor-button-wrapper\">\n\t\t\t\t\t<a class=\"elementor-button elementor-button-link elementor-size-sm\" href=\"https:\/\/drive.google.com\/file\/d\/1h7-lbCMwBqt0rPmlovMHuCGW9W1396Fr\/view?usp=drive_link\" target=\"_blank\" id=\"download_sumario_executivo_pt_br\" rel=\"noopener\">\n\t\t\t\t\t\t<span class=\"elementor-button-content-wrapper\">\n\t\t\t\t\t\t\t\t\t<span class=\"elementor-button-text\">Sum\u00e1rio Executivo<\/span>\n\t\t\t\t\t<\/span>\n\t\t\t\t\t<\/a>\n\t\t\t\t<\/div>\n\t\t\t\t\t\t\t\t<\/div>\n\t\t\t\t<\/div>\n\t\t\t\t<\/div>\n\t\t<div class=\"elementor-element elementor-element-b2d2b6b e-con-full e-flex e-con e-child\" data-id=\"b2d2b6b\" data-element_type=\"container\" data-settings=\"{&quot;jet_parallax_layout_list&quot;:[]}\">\n\t\t\t\t<div class=\"elementor-element elementor-element-f256f76 elementor-widget elementor-widget-image\" data-id=\"f256f76\" data-element_type=\"widget\" data-widget_type=\"image.default\">\n\t\t\t\t<div class=\"elementor-widget-container\">\n\t\t\t\t\t\t\t\t\t\t\t\t\t\t\t<img decoding=\"async\" width=\"500\" height=\"268\" data-src=\"https:\/\/wordpress-wyy8bhlsif5v8gukfr0yhxue.studio.tikovolpe.com.br\/wp-content\/uploads\/2024\/11\/executive-summary-en.png\" class=\"attachment-large size-large wp-image-10418 lazyload\" alt=\"\" data-srcset=\"https:\/\/wordpress-wyy8bhlsif5v8gukfr0yhxue.studio.tikovolpe.com.br\/wp-content\/uploads\/2024\/11\/executive-summary-en.png 500w, https:\/\/wordpress-wyy8bhlsif5v8gukfr0yhxue.studio.tikovolpe.com.br\/wp-content\/smush-webp\/2024\/11\/executive-summary-en-300x161.png.webp 300w, https:\/\/wordpress-wyy8bhlsif5v8gukfr0yhxue.studio.tikovolpe.com.br\/wp-content\/smush-webp\/2024\/11\/executive-summary-en-18x10.png.webp 18w\" data-sizes=\"(max-width: 500px) 100vw, 500px\" src=\"data:image\/svg+xml;base64,PHN2ZyB3aWR0aD0iMSIgaGVpZ2h0PSIxIiB4bWxucz0iaHR0cDovL3d3dy53My5vcmcvMjAwMC9zdmciPjwvc3ZnPg==\" style=\"--smush-placeholder-width: 500px; --smush-placeholder-aspect-ratio: 500\/268;\" \/>\t\t\t\t\t\t\t\t\t\t\t\t\t\t\t<\/div>\n\t\t\t\t<\/div>\n\t\t\t\t<div class=\"elementor-element elementor-element-b35239e elementor-widget elementor-widget-button\" data-id=\"b35239e\" data-element_type=\"widget\" data-widget_type=\"button.default\">\n\t\t\t\t<div class=\"elementor-widget-container\">\n\t\t\t\t\t\t\t\t\t<div class=\"elementor-button-wrapper\">\n\t\t\t\t\t<a class=\"elementor-button elementor-button-link elementor-size-sm\" href=\"https:\/\/drive.google.com\/file\/d\/1CDfSaRlZgjQeenTqzArvM49ocFesHefY\/view?usp=drive_link\" target=\"_blank\" id=\"download_sumario_executivo_en\" rel=\"noopener\">\n\t\t\t\t\t\t<span class=\"elementor-button-content-wrapper\">\n\t\t\t\t\t\t\t\t\t<span class=\"elementor-button-text\">Executive Summary<\/span>\n\t\t\t\t\t<\/span>\n\t\t\t\t\t<\/a>\n\t\t\t\t<\/div>\n\t\t\t\t\t\t\t\t<\/div>\n\t\t\t\t<\/div>\n\t\t\t\t<\/div>\n\t\t\t\t\t<\/div>\n\t\t\t\t<\/div>\n\t\t\t\t<\/div>","protected":false},"excerpt":{"rendered":"<p>obrigado por se cadastrar! Acesse a publica\u00e7\u00e3o completa no link para download abaixo: Filantropia comunit\u00e1ria no Brasil Sum\u00e1rio Executivo Executive Summary<\/p>","protected":false},"author":1,"featured_media":0,"parent":0,"menu_order":0,"comment_status":"closed","ping_status":"closed","template":"","meta":{"footnotes":""},"class_list":["post-9907","page","type-page","status-publish","hentry"],"_links":{"self":[{"href":"https:\/\/wordpress-wyy8bhlsif5v8gukfr0yhxue.studio.tikovolpe.com.br\/en\/wp-json\/wp\/v2\/pages\/9907","targetHints":{"allow":["GET"]}}],"collection":[{"href":"https:\/\/wordpress-wyy8bhlsif5v8gukfr0yhxue.studio.tikovolpe.com.br\/en\/wp-json\/wp\/v2\/pages"}],"about":[{"href":"https:\/\/wordpress-wyy8bhlsif5v8gukfr0yhxue.studio.tikovolpe.com.br\/en\/wp-json\/wp\/v2\/types\/page"}],"author":[{"embeddable":true,"href":"https:\/\/wordpress-wyy8bhlsif5v8gukfr0yhxue.studio.tikovolpe.com.br\/en\/wp-json\/wp\/v2\/users\/1"}],"replies":[{"embeddable":true,"href":"https:\/\/wordpress-wyy8bhlsif5v8gukfr0yhxue.studio.tikovolpe.com.br\/en\/wp-json\/wp\/v2\/comments?post=9907"}],"version-history":[{"count":0,"href":"https:\/\/wordpress-wyy8bhlsif5v8gukfr0yhxue.studio.tikovolpe.com.br\/en\/wp-json\/wp\/v2\/pages\/9907\/revisions"}],"wp:attachment":[{"href":"https:\/\/wordpress-wyy8bhlsif5v8gukfr0yhxue.studio.tikovolpe.com.br\/en\/wp-json\/wp\/v2\/media?parent=9907"}],"curies":[{"name":"wp","href":"https:\/\/api.w.org\/{rel}","templated":true}]}}