{"id":9763,"date":"2024-10-05T13:51:11","date_gmt":"2024-10-05T16:51:11","guid":{"rendered":"https:\/\/redecomua.org.br\/?page_id=9763"},"modified":"2024-10-08T15:03:43","modified_gmt":"2024-10-08T18:03:43","slug":"oportunidades","status":"publish","type":"page","link":"https:\/\/wordpress-wyy8bhlsif5v8gukfr0yhxue.studio.tikovolpe.com.br\/en\/oportunidades\/","title":{"rendered":"Opportunities"},"content":{"rendered":"<div data-elementor-type=\"wp-page\" data-elementor-id=\"9763\" class=\"elementor elementor-9763\" data-elementor-settings=\"{&quot;element_pack_global_tooltip_width&quot;:{&quot;unit&quot;:&quot;px&quot;,&quot;size&quot;:&quot;&quot;,&quot;sizes&quot;:[]},&quot;element_pack_global_tooltip_width_widescreen&quot;:{&quot;unit&quot;:&quot;px&quot;,&quot;size&quot;:&quot;&quot;,&quot;sizes&quot;:[]},&quot;element_pack_global_tooltip_width_laptop&quot;:{&quot;unit&quot;:&quot;px&quot;,&quot;size&quot;:&quot;&quot;,&quot;sizes&quot;:[]},&quot;element_pack_global_tooltip_width_tablet_extra&quot;:{&quot;unit&quot;:&quot;px&quot;,&quot;size&quot;:&quot;&quot;,&quot;sizes&quot;:[]},&quot;element_pack_global_tooltip_width_tablet&quot;:{&quot;unit&quot;:&quot;px&quot;,&quot;size&quot;:&quot;&quot;,&quot;sizes&quot;:[]},&quot;element_pack_global_tooltip_width_mobile&quot;:{&quot;unit&quot;:&quot;px&quot;,&quot;size&quot;:&quot;&quot;,&quot;sizes&quot;:[]},&quot;element_pack_global_tooltip_padding&quot;:{&quot;unit&quot;:&quot;px&quot;,&quot;top&quot;:&quot;&quot;,&quot;right&quot;:&quot;&quot;,&quot;bottom&quot;:&quot;&quot;,&quot;left&quot;:&quot;&quot;,&quot;isLinked&quot;:true},&quot;element_pack_global_tooltip_padding_widescreen&quot;:{&quot;unit&quot;:&quot;px&quot;,&quot;top&quot;:&quot;&quot;,&quot;right&quot;:&quot;&quot;,&quot;bottom&quot;:&quot;&quot;,&quot;left&quot;:&quot;&quot;,&quot;isLinked&quot;:true},&quot;element_pack_global_tooltip_padding_laptop&quot;:{&quot;unit&quot;:&quot;px&quot;,&quot;top&quot;:&quot;&quot;,&quot;right&quot;:&quot;&quot;,&quot;bottom&quot;:&quot;&quot;,&quot;left&quot;:&quot;&quot;,&quot;isLinked&quot;:true},&quot;element_pack_global_tooltip_padding_tablet_extra&quot;:{&quot;unit&quot;:&quot;px&quot;,&quot;top&quot;:&quot;&quot;,&quot;right&quot;:&quot;&quot;,&quot;bottom&quot;:&quot;&quot;,&quot;left&quot;:&quot;&quot;,&quot;isLinked&quot;:true},&quot;element_pack_global_tooltip_padding_tablet&quot;:{&quot;unit&quot;:&quot;px&quot;,&quot;top&quot;:&quot;&quot;,&quot;right&quot;:&quot;&quot;,&quot;bottom&quot;:&quot;&quot;,&quot;left&quot;:&quot;&quot;,&quot;isLinked&quot;:true},&quot;element_pack_global_tooltip_padding_mobile&quot;:{&quot;unit&quot;:&quot;px&quot;,&quot;top&quot;:&quot;&quot;,&quot;right&quot;:&quot;&quot;,&quot;bottom&quot;:&quot;&quot;,&quot;left&quot;:&quot;&quot;,&quot;isLinked&quot;:true},&quot;element_pack_global_tooltip_border_radius&quot;:{&quot;unit&quot;:&quot;px&quot;,&quot;top&quot;:&quot;&quot;,&quot;right&quot;:&quot;&quot;,&quot;bottom&quot;:&quot;&quot;,&quot;left&quot;:&quot;&quot;,&quot;isLinked&quot;:true},&quot;element_pack_global_tooltip_border_radius_widescreen&quot;:{&quot;unit&quot;:&quot;px&quot;,&quot;top&quot;:&quot;&quot;,&quot;right&quot;:&quot;&quot;,&quot;bottom&quot;:&quot;&quot;,&quot;left&quot;:&quot;&quot;,&quot;isLinked&quot;:true},&quot;element_pack_global_tooltip_border_radius_laptop&quot;:{&quot;unit&quot;:&quot;px&quot;,&quot;top&quot;:&quot;&quot;,&quot;right&quot;:&quot;&quot;,&quot;bottom&quot;:&quot;&quot;,&quot;left&quot;:&quot;&quot;,&quot;isLinked&quot;:true},&quot;element_pack_global_tooltip_border_radius_tablet_extra&quot;:{&quot;unit&quot;:&quot;px&quot;,&quot;top&quot;:&quot;&quot;,&quot;right&quot;:&quot;&quot;,&quot;bottom&quot;:&quot;&quot;,&quot;left&quot;:&quot;&quot;,&quot;isLinked&quot;:true},&quot;element_pack_global_tooltip_border_radius_tablet&quot;:{&quot;unit&quot;:&quot;px&quot;,&quot;top&quot;:&quot;&quot;,&quot;right&quot;:&quot;&quot;,&quot;bottom&quot;:&quot;&quot;,&quot;left&quot;:&quot;&quot;,&quot;isLinked&quot;:true},&quot;element_pack_global_tooltip_border_radius_mobile&quot;:{&quot;unit&quot;:&quot;px&quot;,&quot;top&quot;:&quot;&quot;,&quot;right&quot;:&quot;&quot;,&quot;bottom&quot;:&quot;&quot;,&quot;left&quot;:&quot;&quot;,&quot;isLinked&quot;:true}}\" data-elementor-post-type=\"page\">\n\t\t\t\t<div class=\"elementor-element elementor-element-997ff26 e-con-full e-flex e-con e-parent\" data-id=\"997ff26\" data-element_type=\"container\" data-settings=\"{&quot;background_background&quot;:&quot;classic&quot;,&quot;jet_parallax_layout_list&quot;:[]}\">\n\t\t\t\t<\/div>\n\t\t<div class=\"elementor-element elementor-element-a23bc92 e-con-full e-flex e-con e-parent\" data-id=\"a23bc92\" data-element_type=\"container\" data-settings=\"{&quot;jet_parallax_layout_list&quot;:[]}\">\n\t\t\t\t<div class=\"elementor-element elementor-element-f723914 elementor-widget__width-inherit elementor-widget elementor-widget-heading\" data-id=\"f723914\" data-element_type=\"widget\" data-widget_type=\"heading.default\">\n\t\t\t\t<div class=\"elementor-widget-container\">\n\t\t\t\t\t<h2 class=\"elementor-heading-title elementor-size-default\">Opportunities<\/h2>\t\t\t\t<\/div>\n\t\t\t\t<\/div>\n\t\t<div class=\"elementor-element elementor-element-de8e265 e-con-full e-flex e-con e-child\" data-id=\"de8e265\" data-element_type=\"container\" data-settings=\"{&quot;jet_parallax_layout_list&quot;:[]}\">\n\t\t\t\t<div class=\"elementor-element elementor-element-c774d64 elementor-widget__width-inherit elementor-widget-tablet_extra__width-initial elementor-widget elementor-widget-text-editor\" data-id=\"c774d64\" data-element_type=\"widget\" data-widget_type=\"text-editor.default\">\n\t\t\t\t<div class=\"elementor-widget-container\">\n\t\t\t\t\t\t\t\t\t<div class=\"ql-block\" data-block-id=\"block-b79ec58c-abbb-4bba-9fac-8920adb22153\">A Rede Comu\u00e1 est\u00e1 em busca de profissionais para assessoria de programas e assessoria de comunica\u00e7\u00e3o. A contrata\u00e7\u00e3o se dar\u00e1 pela modalidade de presta\u00e7\u00e3o de servi\u00e7os por um ano, com possibilidade de renova\u00e7\u00e3o.<\/div><div class=\"ql-block\" data-block-id=\"block-96825780-3009-4806-9d95-b83840bff94e\">\u00a0<\/div><div class=\"ql-block\" data-block-id=\"block-f8f4c1cc-b3db-4717-be93-8cb78db1872c\">As pessoas selecionadas trabalhar\u00e3o junto com a equipe executiva da Comu\u00e1, contribuindo para a implementa\u00e7\u00e3o e sucesso do Programa de Incid\u00eancia da Rede.<\/div><div data-block-id=\"block-f8f4c1cc-b3db-4717-be93-8cb78db1872c\">\u00a0<\/div><div class=\"ql-block\" data-block-id=\"block-ab6fd82f-0183-4183-bfdc-8da19b1d66a4\">Interessados devem enviar e-mail para o endere\u00e7o <a class=\"ql-link\" href=\"mailto:contato@redecomua.org.br\" target=\"_blank\" rel=\"noopener noreferrer\">contato@redecomua.org.br<\/a>\u00a0com:curr\u00edculo(s) anexado(s) com sal\u00e1rio atual ou \u00faltimo sal\u00e1rio; carta de apresenta\u00e7\u00e3o destacando por que gostaria de trabalhar com a Rede Comu\u00e1 e como sua trajet\u00f3ria pode contribuir para a Rede; contato com nome, organiza\u00e7\u00e3o, telefone e e-mail de duas refer\u00eancias profissionais anteriores.<\/div><div class=\"ql-block\" data-block-id=\"block-d68d1fee-347c-424c-ab1c-f4d366f1f2ac\">\u00a0<\/div><h2 class=\"ql-block\" data-block-id=\"block-a27743e7-c3da-4f13-a3a6-438d0ee954ae\"><span style=\"color: #e68343;\"><strong>Inscri\u00e7\u00f5es at\u00e9 o dia 20 de outubro de 2024.<\/strong><\/span><\/h2><div class=\"ql-block\" data-block-id=\"block-04c3992d-17d1-48e7-8f3e-262308ecf541\">\u00a0<\/div><div class=\"ql-block\" data-block-id=\"block-0425d1f8-3bc6-4993-9d37-89ef00ff4105\">A Rede Comu\u00e1 \u00e9 uma organiza\u00e7\u00e3o comprometida com a diversidade e inclus\u00e3o de minorias pol\u00edticas. Incentivamos a candidatura de pessoas diversas e n\u00e3o toleramos discrimina\u00e7\u00e3o de qualquer natureza.<\/div><div class=\"ql-block\" data-block-id=\"block-ca4bb3af-a5aa-4ee8-9167-2bb10abc78c2\">\u00a0<\/div><div class=\"ql-block\" data-block-id=\"block-372fafe5-09d1-4476-8cbb-b59b30e6053e\">Venha trabalhar conosco por uma filantropia que transforma!<\/div>\t\t\t\t\t\t\t\t<\/div>\n\t\t\t\t<\/div>\n\t\t\t\t<\/div>\n\t\t<div class=\"elementor-element elementor-element-5512c13 e-con-full e-grid e-con e-child\" data-id=\"5512c13\" data-element_type=\"container\" data-settings=\"{&quot;jet_parallax_layout_list&quot;:[],&quot;background_background&quot;:&quot;classic&quot;}\">\n\t\t\t\t<div class=\"elementor-element elementor-element-c081ac3 elementor-widget__width-inherit elementor-widget-tablet_extra__width-initial elementor-widget-tablet__width-inherit elementor-widget elementor-widget-text-editor\" data-id=\"c081ac3\" data-element_type=\"widget\" data-widget_type=\"text-editor.default\">\n\t\t\t\t<div class=\"elementor-widget-container\">\n\t\t\t\t\t\t\t\t\t<h4 class=\"ql-block\" data-block-id=\"block-b79ec58c-abbb-4bba-9fac-8920adb22153\"><strong>Para saber mais<br>informa\u00e7\u00f5es, acesse:<\/strong><\/h4>\t\t\t\t\t\t\t\t<\/div>\n\t\t\t\t<\/div>\n\t\t\t\t<div class=\"elementor-element elementor-element-c10d697 elementor-position-top elementor-widget elementor-widget-image-box\" data-id=\"c10d697\" data-element_type=\"widget\" data-widget_type=\"image-box.default\">\n\t\t\t\t<div class=\"elementor-widget-container\">\n\t\t\t\t\t<div class=\"elementor-image-box-wrapper\"><figure class=\"elementor-image-box-img\"><a href=\"https:\/\/drive.google.com\/file\/d\/1v0OQ6jwWfyOv3zGUqXn79er3Z-MNGptp\/view?usp=sharing\" target=\"_blank\" tabindex=\"-1\" rel=\"noopener\"><img fetchpriority=\"high\" decoding=\"async\" width=\"256\" height=\"219\" src=\"https:\/\/wordpress-wyy8bhlsif5v8gukfr0yhxue.studio.tikovolpe.com.br\/wp-content\/uploads\/2024\/10\/ic-vagas-1.png\" class=\"attachment-full size-full wp-image-9766\" alt=\"\" srcset=\"https:\/\/wordpress-wyy8bhlsif5v8gukfr0yhxue.studio.tikovolpe.com.br\/wp-content\/uploads\/2024\/10\/ic-vagas-1.png 256w, https:\/\/wordpress-wyy8bhlsif5v8gukfr0yhxue.studio.tikovolpe.com.br\/wp-content\/smush-webp\/2024\/10\/ic-vagas-1-14x12.png.webp 14w\" sizes=\"(max-width: 256px) 100vw, 256px\" \/><\/a><\/figure><div class=\"elementor-image-box-content\"><h3 class=\"elementor-image-box-title\"><a href=\"https:\/\/drive.google.com\/file\/d\/1v0OQ6jwWfyOv3zGUqXn79er3Z-MNGptp\/view?usp=sharing\" target=\"_blank\" rel=\"noopener\">Termo de refer\u00eancia<br>para Assessoria de Programas<\/a><\/h3><\/div><\/div>\t\t\t\t<\/div>\n\t\t\t\t<\/div>\n\t\t\t\t<div class=\"elementor-element elementor-element-d5709bc elementor-position-top elementor-widget elementor-widget-image-box\" data-id=\"d5709bc\" data-element_type=\"widget\" data-widget_type=\"image-box.default\">\n\t\t\t\t<div class=\"elementor-widget-container\">\n\t\t\t\t\t<div class=\"elementor-image-box-wrapper\"><figure class=\"elementor-image-box-img\"><a href=\"https:\/\/drive.google.com\/file\/d\/1ZIbFpVQbWEavk9NjdkvKQnmHU-p1bdFx\/view?usp=sharing\" tabindex=\"-1\" target=\"_blank\" rel=\"noopener\"><img decoding=\"async\" width=\"234\" height=\"261\" data-src=\"https:\/\/wordpress-wyy8bhlsif5v8gukfr0yhxue.studio.tikovolpe.com.br\/wp-content\/uploads\/2024\/10\/ic-vagas-2.png\" class=\"attachment-full size-full wp-image-9767 lazyload\" alt=\"\" data-srcset=\"https:\/\/wordpress-wyy8bhlsif5v8gukfr0yhxue.studio.tikovolpe.com.br\/wp-content\/uploads\/2024\/10\/ic-vagas-2.png 234w, https:\/\/wordpress-wyy8bhlsif5v8gukfr0yhxue.studio.tikovolpe.com.br\/wp-content\/smush-webp\/2024\/10\/ic-vagas-2-11x12.png.webp 11w\" data-sizes=\"(max-width: 234px) 100vw, 234px\" src=\"data:image\/svg+xml;base64,PHN2ZyB3aWR0aD0iMSIgaGVpZ2h0PSIxIiB4bWxucz0iaHR0cDovL3d3dy53My5vcmcvMjAwMC9zdmciPjwvc3ZnPg==\" style=\"--smush-placeholder-width: 234px; --smush-placeholder-aspect-ratio: 234\/261;\" \/><\/a><\/figure><div class=\"elementor-image-box-content\"><h3 class=\"elementor-image-box-title\"><a href=\"https:\/\/drive.google.com\/file\/d\/1ZIbFpVQbWEavk9NjdkvKQnmHU-p1bdFx\/view?usp=sharing\" target=\"_blank\" rel=\"noopener\">Termo de refer\u00eancia<br>para Assessoria de Comunica\u00e7\u00e3o<\/a><\/h3><\/div><\/div>\t\t\t\t<\/div>\n\t\t\t\t<\/div>\n\t\t\t\t<\/div>\n\t\t\t\t<\/div>\n\t\t\t\t<\/div>","protected":false},"excerpt":{"rendered":"<p>Oportunidades A Rede Comu\u00e1 est\u00e1 em busca de profissionais para assessoria de programas e assessoria de comunica\u00e7\u00e3o. A contrata\u00e7\u00e3o se dar\u00e1 pela modalidade de presta\u00e7\u00e3o de servi\u00e7os por um ano, com possibilidade de renova\u00e7\u00e3o.\u00a0As pessoas selecionadas trabalhar\u00e3o junto com a equipe executiva da Comu\u00e1, contribuindo para a implementa\u00e7\u00e3o e sucesso do Programa de Incid\u00eancia da [&hellip;]<\/p>","protected":false},"author":1,"featured_media":0,"parent":0,"menu_order":0,"comment_status":"closed","ping_status":"closed","template":"elementor_header_footer","meta":{"footnotes":""},"class_list":["post-9763","page","type-page","status-publish","hentry"],"_links":{"self":[{"href":"https:\/\/wordpress-wyy8bhlsif5v8gukfr0yhxue.studio.tikovolpe.com.br\/en\/wp-json\/wp\/v2\/pages\/9763","targetHints":{"allow":["GET"]}}],"collection":[{"href":"https:\/\/wordpress-wyy8bhlsif5v8gukfr0yhxue.studio.tikovolpe.com.br\/en\/wp-json\/wp\/v2\/pages"}],"about":[{"href":"https:\/\/wordpress-wyy8bhlsif5v8gukfr0yhxue.studio.tikovolpe.com.br\/en\/wp-json\/wp\/v2\/types\/page"}],"author":[{"embeddable":true,"href":"https:\/\/wordpress-wyy8bhlsif5v8gukfr0yhxue.studio.tikovolpe.com.br\/en\/wp-json\/wp\/v2\/users\/1"}],"replies":[{"embeddable":true,"href":"https:\/\/wordpress-wyy8bhlsif5v8gukfr0yhxue.studio.tikovolpe.com.br\/en\/wp-json\/wp\/v2\/comments?post=9763"}],"version-history":[{"count":0,"href":"https:\/\/wordpress-wyy8bhlsif5v8gukfr0yhxue.studio.tikovolpe.com.br\/en\/wp-json\/wp\/v2\/pages\/9763\/revisions"}],"wp:attachment":[{"href":"https:\/\/wordpress-wyy8bhlsif5v8gukfr0yhxue.studio.tikovolpe.com.br\/en\/wp-json\/wp\/v2\/media?parent=9763"}],"curies":[{"name":"wp","href":"https:\/\/api.w.org\/{rel}","templated":true}]}}