{"id":9354,"date":"2024-09-11T22:01:40","date_gmt":"2024-09-12T01:01:40","guid":{"rendered":"https:\/\/redecomua.org.br\/?page_id=9354"},"modified":"2024-11-11T16:47:56","modified_gmt":"2024-11-11T19:47:56","slug":"obrigado-comua-pelo-clima","status":"publish","type":"page","link":"https:\/\/wordpress-wyy8bhlsif5v8gukfr0yhxue.studio.tikovolpe.com.br\/en\/obrigado-comua-pelo-clima\/","title":{"rendered":"Obrigado Comu\u00e1 pelo clima"},"content":{"rendered":"<div data-elementor-type=\"wp-page\" data-elementor-id=\"9354\" class=\"elementor elementor-9354\" data-elementor-settings=\"{&quot;element_pack_global_tooltip_width&quot;:{&quot;unit&quot;:&quot;px&quot;,&quot;size&quot;:&quot;&quot;,&quot;sizes&quot;:[]},&quot;element_pack_global_tooltip_width_widescreen&quot;:{&quot;unit&quot;:&quot;px&quot;,&quot;size&quot;:&quot;&quot;,&quot;sizes&quot;:[]},&quot;element_pack_global_tooltip_width_laptop&quot;:{&quot;unit&quot;:&quot;px&quot;,&quot;size&quot;:&quot;&quot;,&quot;sizes&quot;:[]},&quot;element_pack_global_tooltip_width_tablet_extra&quot;:{&quot;unit&quot;:&quot;px&quot;,&quot;size&quot;:&quot;&quot;,&quot;sizes&quot;:[]},&quot;element_pack_global_tooltip_width_tablet&quot;:{&quot;unit&quot;:&quot;px&quot;,&quot;size&quot;:&quot;&quot;,&quot;sizes&quot;:[]},&quot;element_pack_global_tooltip_width_mobile&quot;:{&quot;unit&quot;:&quot;px&quot;,&quot;size&quot;:&quot;&quot;,&quot;sizes&quot;:[]},&quot;element_pack_global_tooltip_padding&quot;:{&quot;unit&quot;:&quot;px&quot;,&quot;top&quot;:&quot;&quot;,&quot;right&quot;:&quot;&quot;,&quot;bottom&quot;:&quot;&quot;,&quot;left&quot;:&quot;&quot;,&quot;isLinked&quot;:true},&quot;element_pack_global_tooltip_padding_widescreen&quot;:{&quot;unit&quot;:&quot;px&quot;,&quot;top&quot;:&quot;&quot;,&quot;right&quot;:&quot;&quot;,&quot;bottom&quot;:&quot;&quot;,&quot;left&quot;:&quot;&quot;,&quot;isLinked&quot;:true},&quot;element_pack_global_tooltip_padding_laptop&quot;:{&quot;unit&quot;:&quot;px&quot;,&quot;top&quot;:&quot;&quot;,&quot;right&quot;:&quot;&quot;,&quot;bottom&quot;:&quot;&quot;,&quot;left&quot;:&quot;&quot;,&quot;isLinked&quot;:true},&quot;element_pack_global_tooltip_padding_tablet_extra&quot;:{&quot;unit&quot;:&quot;px&quot;,&quot;top&quot;:&quot;&quot;,&quot;right&quot;:&quot;&quot;,&quot;bottom&quot;:&quot;&quot;,&quot;left&quot;:&quot;&quot;,&quot;isLinked&quot;:true},&quot;element_pack_global_tooltip_padding_tablet&quot;:{&quot;unit&quot;:&quot;px&quot;,&quot;top&quot;:&quot;&quot;,&quot;right&quot;:&quot;&quot;,&quot;bottom&quot;:&quot;&quot;,&quot;left&quot;:&quot;&quot;,&quot;isLinked&quot;:true},&quot;element_pack_global_tooltip_padding_mobile&quot;:{&quot;unit&quot;:&quot;px&quot;,&quot;top&quot;:&quot;&quot;,&quot;right&quot;:&quot;&quot;,&quot;bottom&quot;:&quot;&quot;,&quot;left&quot;:&quot;&quot;,&quot;isLinked&quot;:true},&quot;element_pack_global_tooltip_border_radius&quot;:{&quot;unit&quot;:&quot;px&quot;,&quot;top&quot;:&quot;&quot;,&quot;right&quot;:&quot;&quot;,&quot;bottom&quot;:&quot;&quot;,&quot;left&quot;:&quot;&quot;,&quot;isLinked&quot;:true},&quot;element_pack_global_tooltip_border_radius_widescreen&quot;:{&quot;unit&quot;:&quot;px&quot;,&quot;top&quot;:&quot;&quot;,&quot;right&quot;:&quot;&quot;,&quot;bottom&quot;:&quot;&quot;,&quot;left&quot;:&quot;&quot;,&quot;isLinked&quot;:true},&quot;element_pack_global_tooltip_border_radius_laptop&quot;:{&quot;unit&quot;:&quot;px&quot;,&quot;top&quot;:&quot;&quot;,&quot;right&quot;:&quot;&quot;,&quot;bottom&quot;:&quot;&quot;,&quot;left&quot;:&quot;&quot;,&quot;isLinked&quot;:true},&quot;element_pack_global_tooltip_border_radius_tablet_extra&quot;:{&quot;unit&quot;:&quot;px&quot;,&quot;top&quot;:&quot;&quot;,&quot;right&quot;:&quot;&quot;,&quot;bottom&quot;:&quot;&quot;,&quot;left&quot;:&quot;&quot;,&quot;isLinked&quot;:true},&quot;element_pack_global_tooltip_border_radius_tablet&quot;:{&quot;unit&quot;:&quot;px&quot;,&quot;top&quot;:&quot;&quot;,&quot;right&quot;:&quot;&quot;,&quot;bottom&quot;:&quot;&quot;,&quot;left&quot;:&quot;&quot;,&quot;isLinked&quot;:true},&quot;element_pack_global_tooltip_border_radius_mobile&quot;:{&quot;unit&quot;:&quot;px&quot;,&quot;top&quot;:&quot;&quot;,&quot;right&quot;:&quot;&quot;,&quot;bottom&quot;:&quot;&quot;,&quot;left&quot;:&quot;&quot;,&quot;isLinked&quot;:true}}\" data-elementor-post-type=\"page\">\n\t\t\t\t<div class=\"elementor-element elementor-element-0618746 e-flex e-con-boxed e-con e-parent\" data-id=\"0618746\" data-element_type=\"container\" data-settings=\"{&quot;background_background&quot;:&quot;classic&quot;,&quot;jet_parallax_layout_list&quot;:[]}\">\n\t\t\t\t\t<div class=\"e-con-inner\">\n\t\t\t\t<div class=\"elementor-element elementor-element-6b1e2e9 elementor-widget__width-initial elementor-widget-mobile__width-inherit elementor-widget elementor-widget-image\" data-id=\"6b1e2e9\" data-element_type=\"widget\" data-widget_type=\"image.default\">\n\t\t\t\t<div class=\"elementor-widget-container\">\n\t\t\t\t\t\t\t\t\t\t\t\t\t\t\t<img fetchpriority=\"high\" decoding=\"async\" width=\"640\" height=\"118\" src=\"https:\/\/wordpress-wyy8bhlsif5v8gukfr0yhxue.studio.tikovolpe.com.br\/wp-content\/uploads\/2023\/02\/comua_originais_de_marca_rgb_pos_grafite_horizontal_tagline.svg\" class=\"attachment-full size-full wp-image-27\" alt=\"\" \/>\t\t\t\t\t\t\t\t\t\t\t\t\t\t\t<\/div>\n\t\t\t\t<\/div>\n\t\t\t\t<div class=\"elementor-element elementor-element-f242eea elementor-widget__width-inherit elementor-widget elementor-widget-heading\" data-id=\"f242eea\" data-element_type=\"widget\" data-widget_type=\"heading.default\">\n\t\t\t\t<div class=\"elementor-widget-container\">\n\t\t\t\t\t<h1 class=\"elementor-heading-title elementor-size-default\">Thank you for registering!<\/h1>\t\t\t\t<\/div>\n\t\t\t\t<\/div>\n\t\t\t\t<div class=\"elementor-element elementor-element-8cf6c55 elementor-widget elementor-widget-heading\" data-id=\"8cf6c55\" data-element_type=\"widget\" data-widget_type=\"heading.default\">\n\t\t\t\t<div class=\"elementor-widget-container\">\n\t\t\t\t\t<h1 class=\"elementor-heading-title elementor-size-default\">COMU\u00c1 FOR CLIMATE<\/h1>\t\t\t\t<\/div>\n\t\t\t\t<\/div>\n\t\t\t\t<div class=\"elementor-element elementor-element-4cd3593 elementor-widget__width-initial elementor-widget elementor-widget-heading\" data-id=\"4cd3593\" data-element_type=\"widget\" data-widget_type=\"heading.default\">\n\t\t\t\t<div class=\"elementor-widget-container\">\n\t\t\t\t\t<h2 class=\"elementor-heading-title elementor-size-default\">An advocacy action seeking to strengthen the\nposition and the work of the organizations that\nmake up the Comu\u00e1 Network in the field of\nclimate philanthropy. Its goal is to promote the\nconstruction of collective strategies, reinforcing\nits strategic role in financing Locally-led\nClimate Solutions (LCSs) in various Brazilian\nterritories and biomes.<\/h2>\t\t\t\t<\/div>\n\t\t\t\t<\/div>\n\t\t<div class=\"elementor-element elementor-element-f59b99f e-con-full e-flex e-con e-child\" data-id=\"f59b99f\" data-element_type=\"container\" data-settings=\"{&quot;jet_parallax_layout_list&quot;:[]}\">\n\t\t\t\t<div class=\"elementor-element elementor-element-1dd0de9 elementor-widget elementor-widget-image\" data-id=\"1dd0de9\" data-element_type=\"widget\" data-widget_type=\"image.default\">\n\t\t\t\t<div class=\"elementor-widget-container\">\n\t\t\t\t\t\t\t\t\t\t\t\t\t\t\t<img decoding=\"async\" width=\"500\" height=\"268\" data-src=\"https:\/\/wordpress-wyy8bhlsif5v8gukfr0yhxue.studio.tikovolpe.com.br\/wp-content\/uploads\/2024\/10\/comua-pelo-clima-pt-br.png\" class=\"attachment-large size-large wp-image-10083 lazyload\" alt=\"\" data-srcset=\"https:\/\/wordpress-wyy8bhlsif5v8gukfr0yhxue.studio.tikovolpe.com.br\/wp-content\/uploads\/2024\/10\/comua-pelo-clima-pt-br.png 500w, https:\/\/wordpress-wyy8bhlsif5v8gukfr0yhxue.studio.tikovolpe.com.br\/wp-content\/smush-webp\/2024\/10\/comua-pelo-clima-pt-br-300x161.png.webp 300w, https:\/\/wordpress-wyy8bhlsif5v8gukfr0yhxue.studio.tikovolpe.com.br\/wp-content\/smush-webp\/2024\/10\/comua-pelo-clima-pt-br-18x10.png.webp 18w\" data-sizes=\"(max-width: 500px) 100vw, 500px\" src=\"data:image\/svg+xml;base64,PHN2ZyB3aWR0aD0iMSIgaGVpZ2h0PSIxIiB4bWxucz0iaHR0cDovL3d3dy53My5vcmcvMjAwMC9zdmciPjwvc3ZnPg==\" style=\"--smush-placeholder-width: 500px; --smush-placeholder-aspect-ratio: 500\/268;\" \/>\t\t\t\t\t\t\t\t\t\t\t\t\t\t\t<\/div>\n\t\t\t\t<\/div>\n\t\t\t\t<div class=\"elementor-element elementor-element-5018fff elementor-widget elementor-widget-button\" data-id=\"5018fff\" data-element_type=\"widget\" data-widget_type=\"button.default\">\n\t\t\t\t<div class=\"elementor-widget-container\">\n\t\t\t\t\t\t\t\t\t<div class=\"elementor-button-wrapper\">\n\t\t\t\t\t<a class=\"elementor-button elementor-button-link elementor-size-sm\" href=\"https:\/\/drive.google.com\/file\/d\/1QU89-P8L1E5MPxCsvoE2VEUctaKPvsQH\/view?usp=drive_link\" id=\"download_ebook_comua_filantatropia_e_comunicacao_comunitaria\" target=\"_blank\" rel=\"noopener\">\n\t\t\t\t\t\t<span class=\"elementor-button-content-wrapper\">\n\t\t\t\t\t\t\t\t\t<span class=\"elementor-button-text\">Comu\u00e1 pelo Clima<\/span>\n\t\t\t\t\t<\/span>\n\t\t\t\t\t<\/a>\n\t\t\t\t<\/div>\n\t\t\t\t\t\t\t\t<\/div>\n\t\t\t\t<\/div>\n\t\t\t\t<\/div>\n\t\t<div class=\"elementor-element elementor-element-de68647 e-con-full e-flex e-con e-child\" data-id=\"de68647\" data-element_type=\"container\" data-settings=\"{&quot;jet_parallax_layout_list&quot;:[]}\">\n\t\t\t\t<div class=\"elementor-element elementor-element-f2d02f5 elementor-widget elementor-widget-image\" data-id=\"f2d02f5\" data-element_type=\"widget\" data-widget_type=\"image.default\">\n\t\t\t\t<div class=\"elementor-widget-container\">\n\t\t\t\t\t\t\t\t\t\t\t\t\t\t\t<img decoding=\"async\" width=\"500\" height=\"268\" data-src=\"https:\/\/wordpress-wyy8bhlsif5v8gukfr0yhxue.studio.tikovolpe.com.br\/wp-content\/uploads\/2024\/11\/comua-pelo-clima-en.png\" class=\"attachment-large size-large wp-image-10435 lazyload\" alt=\"\" data-srcset=\"https:\/\/wordpress-wyy8bhlsif5v8gukfr0yhxue.studio.tikovolpe.com.br\/wp-content\/uploads\/2024\/11\/comua-pelo-clima-en.png 500w, https:\/\/wordpress-wyy8bhlsif5v8gukfr0yhxue.studio.tikovolpe.com.br\/wp-content\/smush-webp\/2024\/11\/comua-pelo-clima-en-300x161.png.webp 300w, https:\/\/wordpress-wyy8bhlsif5v8gukfr0yhxue.studio.tikovolpe.com.br\/wp-content\/smush-webp\/2024\/11\/comua-pelo-clima-en-18x10.png.webp 18w\" data-sizes=\"(max-width: 500px) 100vw, 500px\" src=\"data:image\/svg+xml;base64,PHN2ZyB3aWR0aD0iMSIgaGVpZ2h0PSIxIiB4bWxucz0iaHR0cDovL3d3dy53My5vcmcvMjAwMC9zdmciPjwvc3ZnPg==\" style=\"--smush-placeholder-width: 500px; --smush-placeholder-aspect-ratio: 500\/268;\" \/>\t\t\t\t\t\t\t\t\t\t\t\t\t\t\t<\/div>\n\t\t\t\t<\/div>\n\t\t\t\t<div class=\"elementor-element elementor-element-47b774d elementor-widget elementor-widget-button\" data-id=\"47b774d\" data-element_type=\"widget\" data-widget_type=\"button.default\">\n\t\t\t\t<div class=\"elementor-widget-container\">\n\t\t\t\t\t\t\t\t\t<div class=\"elementor-button-wrapper\">\n\t\t\t\t\t<a class=\"elementor-button elementor-button-link elementor-size-sm\" href=\"https:\/\/drive.google.com\/file\/d\/1-hp9FkH7O5TCZPGrk8_I-XUsauRQQ6jR\/view?usp=drive_link\" id=\"download_ebook_comua_filantatropia_e_comunicacao_comunitaria\" target=\"_blank\" rel=\"noopener\">\n\t\t\t\t\t\t<span class=\"elementor-button-content-wrapper\">\n\t\t\t\t\t\t\t\t\t<span class=\"elementor-button-text\">Comu\u00e1 for Climate<\/span>\n\t\t\t\t\t<\/span>\n\t\t\t\t\t<\/a>\n\t\t\t\t<\/div>\n\t\t\t\t\t\t\t\t<\/div>\n\t\t\t\t<\/div>\n\t\t\t\t<\/div>\n\t\t<div class=\"elementor-element elementor-element-422296c e-con-full e-flex e-con e-child\" data-id=\"422296c\" data-element_type=\"container\" data-settings=\"{&quot;jet_parallax_layout_list&quot;:[]}\">\n\t\t\t\t<div class=\"elementor-element elementor-element-80655ab elementor-widget elementor-widget-image\" data-id=\"80655ab\" data-element_type=\"widget\" data-widget_type=\"image.default\">\n\t\t\t\t<div class=\"elementor-widget-container\">\n\t\t\t\t\t\t\t\t\t\t\t\t\t\t\t<img decoding=\"async\" width=\"500\" height=\"268\" data-src=\"https:\/\/wordpress-wyy8bhlsif5v8gukfr0yhxue.studio.tikovolpe.com.br\/wp-content\/uploads\/2024\/10\/comua-pelo-clima-infografico-pt-br.png\" class=\"attachment-large size-large wp-image-10086 lazyload\" alt=\"\" data-srcset=\"https:\/\/wordpress-wyy8bhlsif5v8gukfr0yhxue.studio.tikovolpe.com.br\/wp-content\/uploads\/2024\/10\/comua-pelo-clima-infografico-pt-br.png 500w, https:\/\/wordpress-wyy8bhlsif5v8gukfr0yhxue.studio.tikovolpe.com.br\/wp-content\/smush-webp\/2024\/10\/comua-pelo-clima-infografico-pt-br-300x161.png.webp 300w, https:\/\/wordpress-wyy8bhlsif5v8gukfr0yhxue.studio.tikovolpe.com.br\/wp-content\/smush-webp\/2024\/10\/comua-pelo-clima-infografico-pt-br-18x10.png.webp 18w\" data-sizes=\"(max-width: 500px) 100vw, 500px\" src=\"data:image\/svg+xml;base64,PHN2ZyB3aWR0aD0iMSIgaGVpZ2h0PSIxIiB4bWxucz0iaHR0cDovL3d3dy53My5vcmcvMjAwMC9zdmciPjwvc3ZnPg==\" style=\"--smush-placeholder-width: 500px; --smush-placeholder-aspect-ratio: 500\/268;\" \/>\t\t\t\t\t\t\t\t\t\t\t\t\t\t\t<\/div>\n\t\t\t\t<\/div>\n\t\t\t\t<div class=\"elementor-element elementor-element-3287b9e elementor-widget elementor-widget-button\" data-id=\"3287b9e\" data-element_type=\"widget\" data-widget_type=\"button.default\">\n\t\t\t\t<div class=\"elementor-widget-container\">\n\t\t\t\t\t\t\t\t\t<div class=\"elementor-button-wrapper\">\n\t\t\t\t\t<a class=\"elementor-button elementor-button-link elementor-size-sm\" href=\"https:\/\/drive.google.com\/file\/d\/1V5WSLikZwi13kDdHXg8pSnYu9nl9XGHK\/view?usp=drive_link\" id=\"download_infografico_pt_br_comua_filantatropia_e_comunicacao_comunitaria\" target=\"_blank\" rel=\"noopener\">\n\t\t\t\t\t\t<span class=\"elementor-button-content-wrapper\">\n\t\t\t\t\t\t\t\t\t<span class=\"elementor-button-text\">Infogr\u00e1fico<\/span>\n\t\t\t\t\t<\/span>\n\t\t\t\t\t<\/a>\n\t\t\t\t<\/div>\n\t\t\t\t\t\t\t\t<\/div>\n\t\t\t\t<\/div>\n\t\t\t\t<\/div>\n\t\t<div class=\"elementor-element elementor-element-dfa0289 e-con-full e-flex e-con e-child\" data-id=\"dfa0289\" data-element_type=\"container\" data-settings=\"{&quot;jet_parallax_layout_list&quot;:[]}\">\n\t\t\t\t<div class=\"elementor-element elementor-element-332bfa9 elementor-widget elementor-widget-image\" data-id=\"332bfa9\" data-element_type=\"widget\" data-widget_type=\"image.default\">\n\t\t\t\t<div class=\"elementor-widget-container\">\n\t\t\t\t\t\t\t\t\t\t\t\t\t\t\t<img decoding=\"async\" width=\"800\" height=\"429\" data-src=\"https:\/\/wordpress-wyy8bhlsif5v8gukfr0yhxue.studio.tikovolpe.com.br\/wp-content\/smush-webp\/2024\/10\/comua-pelo-clima-infografico-en-1024x549.png.webp\" class=\"attachment-large size-large wp-image-10084 lazyload\" alt=\"\" data-srcset=\"https:\/\/wordpress-wyy8bhlsif5v8gukfr0yhxue.studio.tikovolpe.com.br\/wp-content\/smush-webp\/2024\/10\/comua-pelo-clima-infografico-en-1024x549.png.webp 1024w, https:\/\/wordpress-wyy8bhlsif5v8gukfr0yhxue.studio.tikovolpe.com.br\/wp-content\/smush-webp\/2024\/10\/comua-pelo-clima-infografico-en-300x161.png.webp 300w, https:\/\/wordpress-wyy8bhlsif5v8gukfr0yhxue.studio.tikovolpe.com.br\/wp-content\/smush-webp\/2024\/10\/comua-pelo-clima-infografico-en-768x412.png.webp 768w, https:\/\/wordpress-wyy8bhlsif5v8gukfr0yhxue.studio.tikovolpe.com.br\/wp-content\/smush-webp\/2024\/10\/comua-pelo-clima-infografico-en-1536x823.png.webp 1536w, https:\/\/wordpress-wyy8bhlsif5v8gukfr0yhxue.studio.tikovolpe.com.br\/wp-content\/smush-webp\/2024\/10\/comua-pelo-clima-infografico-en-2048x1098.png.webp 2048w, https:\/\/wordpress-wyy8bhlsif5v8gukfr0yhxue.studio.tikovolpe.com.br\/wp-content\/smush-webp\/2024\/10\/comua-pelo-clima-infografico-en-18x10.png.webp 18w\" data-sizes=\"(max-width: 800px) 100vw, 800px\" src=\"data:image\/svg+xml;base64,PHN2ZyB3aWR0aD0iMSIgaGVpZ2h0PSIxIiB4bWxucz0iaHR0cDovL3d3dy53My5vcmcvMjAwMC9zdmciPjwvc3ZnPg==\" style=\"--smush-placeholder-width: 800px; --smush-placeholder-aspect-ratio: 800\/429;\" \/>\t\t\t\t\t\t\t\t\t\t\t\t\t\t\t<\/div>\n\t\t\t\t<\/div>\n\t\t\t\t<div class=\"elementor-element elementor-element-d57d7c7 elementor-widget elementor-widget-button\" data-id=\"d57d7c7\" data-element_type=\"widget\" data-widget_type=\"button.default\">\n\t\t\t\t<div class=\"elementor-widget-container\">\n\t\t\t\t\t\t\t\t\t<div class=\"elementor-button-wrapper\">\n\t\t\t\t\t<a class=\"elementor-button elementor-button-link elementor-size-sm\" href=\"https:\/\/drive.google.com\/file\/d\/1bRMczlFyyNutGcI_ELiAnqqL-ZUEZjER\/view?usp=drive_link\" id=\"download_infografico_en_comua_filantatropia_e_comunicacao_comunitaria\" target=\"_blank\" rel=\"noopener\">\n\t\t\t\t\t\t<span class=\"elementor-button-content-wrapper\">\n\t\t\t\t\t\t\t\t\t<span class=\"elementor-button-text\">Infographic<\/span>\n\t\t\t\t\t<\/span>\n\t\t\t\t\t<\/a>\n\t\t\t\t<\/div>\n\t\t\t\t\t\t\t\t<\/div>\n\t\t\t\t<\/div>\n\t\t\t\t<\/div>\n\t\t\t\t\t<\/div>\n\t\t\t\t<\/div>\n\t\t\t\t<\/div>","protected":false},"excerpt":{"rendered":"<p>obrigado por se cadastrar! COMU\u00c1 PELO CLIMA \u00c9 uma a\u00e7\u00e3o de incid\u00eancia que busca fortalecer o posicionamento e a atua\u00e7\u00e3o das organiza\u00e7\u00f5es que integram a Rede Comu\u00e1 no campo da filantropia clim\u00e1tica. Tem a finalidade de promover a constru\u00e7\u00e3o de estrat\u00e9gias coletivas, refor\u00e7ando o seu papel estrat\u00e9gico no financiamento de Solu\u00e7\u00f5es Clim\u00e1ticas Locais (SCLs) em [&hellip;]<\/p>","protected":false},"author":1,"featured_media":0,"parent":0,"menu_order":0,"comment_status":"closed","ping_status":"closed","template":"","meta":{"footnotes":""},"class_list":["post-9354","page","type-page","status-publish","hentry"],"_links":{"self":[{"href":"https:\/\/wordpress-wyy8bhlsif5v8gukfr0yhxue.studio.tikovolpe.com.br\/en\/wp-json\/wp\/v2\/pages\/9354","targetHints":{"allow":["GET"]}}],"collection":[{"href":"https:\/\/wordpress-wyy8bhlsif5v8gukfr0yhxue.studio.tikovolpe.com.br\/en\/wp-json\/wp\/v2\/pages"}],"about":[{"href":"https:\/\/wordpress-wyy8bhlsif5v8gukfr0yhxue.studio.tikovolpe.com.br\/en\/wp-json\/wp\/v2\/types\/page"}],"author":[{"embeddable":true,"href":"https:\/\/wordpress-wyy8bhlsif5v8gukfr0yhxue.studio.tikovolpe.com.br\/en\/wp-json\/wp\/v2\/users\/1"}],"replies":[{"embeddable":true,"href":"https:\/\/wordpress-wyy8bhlsif5v8gukfr0yhxue.studio.tikovolpe.com.br\/en\/wp-json\/wp\/v2\/comments?post=9354"}],"version-history":[{"count":0,"href":"https:\/\/wordpress-wyy8bhlsif5v8gukfr0yhxue.studio.tikovolpe.com.br\/en\/wp-json\/wp\/v2\/pages\/9354\/revisions"}],"wp:attachment":[{"href":"https:\/\/wordpress-wyy8bhlsif5v8gukfr0yhxue.studio.tikovolpe.com.br\/en\/wp-json\/wp\/v2\/media?parent=9354"}],"curies":[{"name":"wp","href":"https:\/\/api.w.org\/{rel}","templated":true}]}}