{"id":9043,"date":"2024-08-27T22:46:37","date_gmt":"2024-08-28T01:46:37","guid":{"rendered":"https:\/\/redecomua.org.br\/?page_id=9043"},"modified":"2024-09-09T20:22:15","modified_gmt":"2024-09-09T23:22:15","slug":"programacao-lancamento-podcasts-mes-da-filantropia-2024","status":"publish","type":"page","link":"https:\/\/wordpress-wyy8bhlsif5v8gukfr0yhxue.studio.tikovolpe.com.br\/en\/programacao-lancamento-podcasts-mes-da-filantropia-2024\/","title":{"rendered":"Programa\u00e7\u00e3o Lan\u00e7amento Podcasts M\u00eas da Filantropia 2024"},"content":{"rendered":"<div data-elementor-type=\"wp-page\" data-elementor-id=\"9043\" class=\"elementor elementor-9043\" data-elementor-settings=\"{&quot;element_pack_global_tooltip_width&quot;:{&quot;unit&quot;:&quot;px&quot;,&quot;size&quot;:&quot;&quot;,&quot;sizes&quot;:[]},&quot;element_pack_global_tooltip_width_widescreen&quot;:{&quot;unit&quot;:&quot;px&quot;,&quot;size&quot;:&quot;&quot;,&quot;sizes&quot;:[]},&quot;element_pack_global_tooltip_width_laptop&quot;:{&quot;unit&quot;:&quot;px&quot;,&quot;size&quot;:&quot;&quot;,&quot;sizes&quot;:[]},&quot;element_pack_global_tooltip_width_tablet_extra&quot;:{&quot;unit&quot;:&quot;px&quot;,&quot;size&quot;:&quot;&quot;,&quot;sizes&quot;:[]},&quot;element_pack_global_tooltip_width_tablet&quot;:{&quot;unit&quot;:&quot;px&quot;,&quot;size&quot;:&quot;&quot;,&quot;sizes&quot;:[]},&quot;element_pack_global_tooltip_width_mobile&quot;:{&quot;unit&quot;:&quot;px&quot;,&quot;size&quot;:&quot;&quot;,&quot;sizes&quot;:[]},&quot;element_pack_global_tooltip_padding&quot;:{&quot;unit&quot;:&quot;px&quot;,&quot;top&quot;:&quot;&quot;,&quot;right&quot;:&quot;&quot;,&quot;bottom&quot;:&quot;&quot;,&quot;left&quot;:&quot;&quot;,&quot;isLinked&quot;:true},&quot;element_pack_global_tooltip_padding_widescreen&quot;:{&quot;unit&quot;:&quot;px&quot;,&quot;top&quot;:&quot;&quot;,&quot;right&quot;:&quot;&quot;,&quot;bottom&quot;:&quot;&quot;,&quot;left&quot;:&quot;&quot;,&quot;isLinked&quot;:true},&quot;element_pack_global_tooltip_padding_laptop&quot;:{&quot;unit&quot;:&quot;px&quot;,&quot;top&quot;:&quot;&quot;,&quot;right&quot;:&quot;&quot;,&quot;bottom&quot;:&quot;&quot;,&quot;left&quot;:&quot;&quot;,&quot;isLinked&quot;:true},&quot;element_pack_global_tooltip_padding_tablet_extra&quot;:{&quot;unit&quot;:&quot;px&quot;,&quot;top&quot;:&quot;&quot;,&quot;right&quot;:&quot;&quot;,&quot;bottom&quot;:&quot;&quot;,&quot;left&quot;:&quot;&quot;,&quot;isLinked&quot;:true},&quot;element_pack_global_tooltip_padding_tablet&quot;:{&quot;unit&quot;:&quot;px&quot;,&quot;top&quot;:&quot;&quot;,&quot;right&quot;:&quot;&quot;,&quot;bottom&quot;:&quot;&quot;,&quot;left&quot;:&quot;&quot;,&quot;isLinked&quot;:true},&quot;element_pack_global_tooltip_padding_mobile&quot;:{&quot;unit&quot;:&quot;px&quot;,&quot;top&quot;:&quot;&quot;,&quot;right&quot;:&quot;&quot;,&quot;bottom&quot;:&quot;&quot;,&quot;left&quot;:&quot;&quot;,&quot;isLinked&quot;:true},&quot;element_pack_global_tooltip_border_radius&quot;:{&quot;unit&quot;:&quot;px&quot;,&quot;top&quot;:&quot;&quot;,&quot;right&quot;:&quot;&quot;,&quot;bottom&quot;:&quot;&quot;,&quot;left&quot;:&quot;&quot;,&quot;isLinked&quot;:true},&quot;element_pack_global_tooltip_border_radius_widescreen&quot;:{&quot;unit&quot;:&quot;px&quot;,&quot;top&quot;:&quot;&quot;,&quot;right&quot;:&quot;&quot;,&quot;bottom&quot;:&quot;&quot;,&quot;left&quot;:&quot;&quot;,&quot;isLinked&quot;:true},&quot;element_pack_global_tooltip_border_radius_laptop&quot;:{&quot;unit&quot;:&quot;px&quot;,&quot;top&quot;:&quot;&quot;,&quot;right&quot;:&quot;&quot;,&quot;bottom&quot;:&quot;&quot;,&quot;left&quot;:&quot;&quot;,&quot;isLinked&quot;:true},&quot;element_pack_global_tooltip_border_radius_tablet_extra&quot;:{&quot;unit&quot;:&quot;px&quot;,&quot;top&quot;:&quot;&quot;,&quot;right&quot;:&quot;&quot;,&quot;bottom&quot;:&quot;&quot;,&quot;left&quot;:&quot;&quot;,&quot;isLinked&quot;:true},&quot;element_pack_global_tooltip_border_radius_tablet&quot;:{&quot;unit&quot;:&quot;px&quot;,&quot;top&quot;:&quot;&quot;,&quot;right&quot;:&quot;&quot;,&quot;bottom&quot;:&quot;&quot;,&quot;left&quot;:&quot;&quot;,&quot;isLinked&quot;:true},&quot;element_pack_global_tooltip_border_radius_mobile&quot;:{&quot;unit&quot;:&quot;px&quot;,&quot;top&quot;:&quot;&quot;,&quot;right&quot;:&quot;&quot;,&quot;bottom&quot;:&quot;&quot;,&quot;left&quot;:&quot;&quot;,&quot;isLinked&quot;:true}}\" data-elementor-post-type=\"page\">\n\t\t\t\t<div class=\"elementor-element elementor-element-8991bf9 e-con-full e-flex e-con e-parent\" data-id=\"8991bf9\" data-element_type=\"container\" data-settings=\"{&quot;background_background&quot;:&quot;classic&quot;,&quot;jet_parallax_layout_list&quot;:[]}\">\n\t\t\t\t<div class=\"elementor-element elementor-element-1f77a5b elementor-widget elementor-widget-image\" data-id=\"1f77a5b\" data-element_type=\"widget\" data-widget_type=\"image.default\">\n\t\t\t\t<div class=\"elementor-widget-container\">\n\t\t\t\t\t\t\t\t\t\t\t\t\t\t\t<img fetchpriority=\"high\" decoding=\"async\" width=\"1920\" height=\"500\" src=\"https:\/\/wordpress-wyy8bhlsif5v8gukfr0yhxue.studio.tikovolpe.com.br\/wp-content\/uploads\/2023\/07\/mes-da-filantropia-hero_programacao.png\" class=\"attachment-full size-full wp-image-3316\" alt=\"\" srcset=\"https:\/\/wordpress-wyy8bhlsif5v8gukfr0yhxue.studio.tikovolpe.com.br\/wp-content\/uploads\/2023\/07\/mes-da-filantropia-hero_programacao.png 1920w, https:\/\/wordpress-wyy8bhlsif5v8gukfr0yhxue.studio.tikovolpe.com.br\/wp-content\/uploads\/2023\/07\/mes-da-filantropia-hero_programacao-300x78.png 300w, https:\/\/wordpress-wyy8bhlsif5v8gukfr0yhxue.studio.tikovolpe.com.br\/wp-content\/uploads\/2023\/07\/mes-da-filantropia-hero_programacao-1024x267.png 1024w, https:\/\/wordpress-wyy8bhlsif5v8gukfr0yhxue.studio.tikovolpe.com.br\/wp-content\/uploads\/2023\/07\/mes-da-filantropia-hero_programacao-768x200.png 768w, https:\/\/wordpress-wyy8bhlsif5v8gukfr0yhxue.studio.tikovolpe.com.br\/wp-content\/uploads\/2023\/07\/mes-da-filantropia-hero_programacao-1536x400.png 1536w\" sizes=\"(max-width: 1920px) 100vw, 1920px\" \/>\t\t\t\t\t\t\t\t\t\t\t\t\t\t\t<\/div>\n\t\t\t\t<\/div>\n\t\t\t\t<\/div>\n\t\t<div class=\"elementor-element elementor-element-5d2be5d e-con-full e-flex e-con e-parent\" data-id=\"5d2be5d\" data-element_type=\"container\" data-settings=\"{&quot;jet_parallax_layout_list&quot;:[],&quot;background_background&quot;:&quot;classic&quot;}\">\n\t\t\t\t<div class=\"elementor-element elementor-element-a8606b6 elementor-widget elementor-widget-heading\" data-id=\"a8606b6\" data-element_type=\"widget\" data-widget_type=\"heading.default\">\n\t\t\t\t<div class=\"elementor-widget-container\">\n\t\t\t\t\t<h1 class=\"elementor-heading-title elementor-size-default\">LAN\u00c7AMENTO PODCASTS 2024<\/h1>\t\t\t\t<\/div>\n\t\t\t\t<\/div>\n\t\t\t\t<div class=\"elementor-element elementor-element-4649335 elementor-widget elementor-widget-jet-listing-grid\" data-id=\"4649335\" data-element_type=\"widget\" data-settings=\"{&quot;columns&quot;:3,&quot;columns_tablet&quot;:&quot;2&quot;,&quot;columns_mobile&quot;:&quot;1&quot;}\" data-widget_type=\"jet-listing-grid.default\">\n\t\t\t\t<div class=\"elementor-widget-container\">\n\t\t\t\t\t<div class=\"jet-listing-grid jet-listing\"><div class=\"jet-listing-grid__items grid-col-desk-3 grid-col-tablet-2 grid-col-mobile-1 jet-listing-grid--5361\" data-queried-id=\"9043|WP_Post\" data-nav=\"{&quot;enabled&quot;:false,&quot;type&quot;:null,&quot;more_el&quot;:null,&quot;query&quot;:[],&quot;widget_settings&quot;:{&quot;lisitng_id&quot;:5361,&quot;posts_num&quot;:100,&quot;columns&quot;:3,&quot;columns_tablet&quot;:2,&quot;columns_mobile&quot;:1,&quot;column_min_width&quot;:240,&quot;column_min_width_tablet&quot;:240,&quot;column_min_width_mobile&quot;:240,&quot;inline_columns_css&quot;:false,&quot;is_archive_template&quot;:&quot;&quot;,&quot;post_status&quot;:[&quot;publish&quot;],&quot;use_random_posts_num&quot;:&quot;&quot;,&quot;max_posts_num&quot;:9,&quot;not_found_message&quot;:&quot;Nenhuma programa\\u00e7\\u00e3o encontrada&quot;,&quot;is_masonry&quot;:false,&quot;equal_columns_height&quot;:&quot;&quot;,&quot;use_load_more&quot;:&quot;&quot;,&quot;load_more_id&quot;:&quot;&quot;,&quot;load_more_type&quot;:&quot;click&quot;,&quot;load_more_offset&quot;:{&quot;unit&quot;:&quot;px&quot;,&quot;size&quot;:0,&quot;sizes&quot;:[]},&quot;use_custom_post_types&quot;:&quot;&quot;,&quot;custom_post_types&quot;:[],&quot;hide_widget_if&quot;:&quot;&quot;,&quot;carousel_enabled&quot;:&quot;&quot;,&quot;slides_to_scroll&quot;:&quot;1&quot;,&quot;arrows&quot;:&quot;true&quot;,&quot;arrow_icon&quot;:&quot;fa fa-angle-left&quot;,&quot;dots&quot;:&quot;&quot;,&quot;autoplay&quot;:&quot;true&quot;,&quot;pause_on_hover&quot;:&quot;true&quot;,&quot;autoplay_speed&quot;:5000,&quot;infinite&quot;:&quot;true&quot;,&quot;center_mode&quot;:&quot;&quot;,&quot;effect&quot;:&quot;slide&quot;,&quot;speed&quot;:500,&quot;inject_alternative_items&quot;:&quot;&quot;,&quot;injection_items&quot;:[],&quot;scroll_slider_enabled&quot;:&quot;&quot;,&quot;scroll_slider_on&quot;:[&quot;desktop&quot;,&quot;tablet&quot;,&quot;mobile&quot;],&quot;custom_query&quot;:&quot;yes&quot;,&quot;custom_query_id&quot;:&quot;67&quot;,&quot;_element_id&quot;:&quot;&quot;,&quot;collapse_first_last_gap&quot;:false,&quot;list_tag_selection&quot;:&quot;&quot;,&quot;list_items_wrapper_tag&quot;:&quot;div&quot;,&quot;list_item_tag&quot;:&quot;div&quot;,&quot;empty_items_wrapper_tag&quot;:&quot;div&quot;}}\" data-page=\"1\" data-pages=\"0\" data-listing-source=\"query\" data-listing-id=\"5361\" data-query-id=\"67\"><div class=\"jet-listing-grid__item jet-listing-dynamic-post-8986\" data-post-id=\"8986\"  ><div class=\"jet-engine-listing-overlay-wrap\" data-url=\"https:\/\/wordpress-wyy8bhlsif5v8gukfr0yhxue.studio.tikovolpe.com.br\/en\/_prog-filantropia\/spots-filantropia-que-transforma-pppecos-e-cerrado-coracao-das-aguas\/\">\t\t<div data-elementor-type=\"jet-listing-items\" data-elementor-id=\"5361\" class=\"elementor elementor-5361\" data-elementor-post-type=\"jet-engine\">\n\t\t\t\t<div class=\"elementor-element elementor-element-9b3f07b e-flex e-con-boxed e-con e-parent\" data-id=\"9b3f07b\" data-element_type=\"container\" data-settings=\"{&quot;jet_parallax_layout_list&quot;:[]}\">\n\t\t\t\t\t<div class=\"e-con-inner\">\n\t\t\t\t<div class=\"elementor-element elementor-element-031a282 elementor-widget elementor-widget-image\" data-id=\"031a282\" data-element_type=\"widget\" data-widget_type=\"image.default\">\n\t\t\t\t<div class=\"elementor-widget-container\">\n\t\t\t\t\t\t\t\t\t\t\t\t\t\t\t<img decoding=\"async\" width=\"2000\" height=\"1278\" data-src=\"https:\/\/wordpress-wyy8bhlsif5v8gukfr0yhxue.studio.tikovolpe.com.br\/wp-content\/uploads\/2024\/08\/1-card-site-podcast-ISPN.png\" class=\"attachment-full size-full wp-image-8987 lazyload\" alt=\"\" data-srcset=\"https:\/\/wordpress-wyy8bhlsif5v8gukfr0yhxue.studio.tikovolpe.com.br\/wp-content\/uploads\/2024\/08\/1-card-site-podcast-ISPN.png 2000w, https:\/\/wordpress-wyy8bhlsif5v8gukfr0yhxue.studio.tikovolpe.com.br\/wp-content\/smush-webp\/2024\/08\/1-card-site-podcast-ISPN-300x192.png.webp 300w, https:\/\/wordpress-wyy8bhlsif5v8gukfr0yhxue.studio.tikovolpe.com.br\/wp-content\/smush-webp\/2024\/08\/1-card-site-podcast-ISPN-1024x654.png.webp 1024w, https:\/\/wordpress-wyy8bhlsif5v8gukfr0yhxue.studio.tikovolpe.com.br\/wp-content\/smush-webp\/2024\/08\/1-card-site-podcast-ISPN-768x491.png.webp 768w, https:\/\/wordpress-wyy8bhlsif5v8gukfr0yhxue.studio.tikovolpe.com.br\/wp-content\/smush-webp\/2024\/08\/1-card-site-podcast-ISPN-1536x982.png.webp 1536w, https:\/\/wordpress-wyy8bhlsif5v8gukfr0yhxue.studio.tikovolpe.com.br\/wp-content\/smush-webp\/2024\/08\/1-card-site-podcast-ISPN-18x12.png.webp 18w\" data-sizes=\"(max-width: 2000px) 100vw, 2000px\" src=\"data:image\/svg+xml;base64,PHN2ZyB3aWR0aD0iMSIgaGVpZ2h0PSIxIiB4bWxucz0iaHR0cDovL3d3dy53My5vcmcvMjAwMC9zdmciPjwvc3ZnPg==\" style=\"--smush-placeholder-width: 2000px; --smush-placeholder-aspect-ratio: 2000\/1278;\" \/>\t\t\t\t\t\t\t\t\t\t\t\t\t\t\t<\/div>\n\t\t\t\t<\/div>\n\t\t<div class=\"elementor-element elementor-element-9e0e218 e-con-full e-flex e-con e-child\" data-id=\"9e0e218\" data-element_type=\"container\" data-settings=\"{&quot;background_background&quot;:&quot;classic&quot;,&quot;jet_parallax_layout_list&quot;:[]}\">\n\t\t\t\t<div class=\"elementor-element elementor-element-f0fffbe elementor-widget__width-inherit elementor-widget elementor-widget-heading\" data-id=\"f0fffbe\" data-element_type=\"widget\" data-widget_type=\"heading.default\">\n\t\t\t\t<div class=\"elementor-widget-container\">\n\t\t\t\t\t<h2 class=\"elementor-heading-title elementor-size-default\">Quando: 05 de setembro<\/h2>\t\t\t\t<\/div>\n\t\t\t\t<\/div>\n\t\t\t\t<\/div>\n\t\t<div class=\"elementor-element elementor-element-4d640b5 e-flex e-con-boxed e-con e-child\" data-id=\"4d640b5\" data-element_type=\"container\" data-settings=\"{&quot;jet_parallax_layout_list&quot;:[]}\">\n\t\t\t\t\t<div class=\"e-con-inner\">\n\t\t\t\t<div class=\"elementor-element elementor-element-9638f70 elementor-widget__width-inherit elementor-widget elementor-widget-heading\" data-id=\"9638f70\" data-element_type=\"widget\" data-widget_type=\"heading.default\">\n\t\t\t\t<div class=\"elementor-widget-container\">\n\t\t\t\t\t<h2 class=\"elementor-heading-title elementor-size-default\">Spots Filantropia que Transforma &#8211; PPPEcos e Cerrado cora\u00e7\u00e3o das \u00e1guas<\/h2>\t\t\t\t<\/div>\n\t\t\t\t<\/div>\n\t\t\t\t<div class=\"elementor-element elementor-element-4e7335f elementor-widget elementor-widget-heading\" data-id=\"4e7335f\" data-element_type=\"widget\" data-widget_type=\"heading.default\">\n\t\t\t\t<div class=\"elementor-widget-container\">\n\t\t\t\t\t<h2 class=\"elementor-heading-title elementor-size-default\">Organization:<\/h2>\t\t\t\t<\/div>\n\t\t\t\t<\/div>\n\t\t\t\t<div class=\"elementor-element elementor-element-62bd0ae elementor-widget__width-inherit elementor-widget elementor-widget-jet-listing-dynamic-field\" data-id=\"62bd0ae\" data-element_type=\"widget\" data-widget_type=\"jet-listing-dynamic-field.default\">\n\t\t\t\t<div class=\"elementor-widget-container\">\n\t\t\t\t\t<div class=\"jet-listing jet-listing-dynamic-field display-inline\"><div class=\"jet-listing-dynamic-field__inline-wrap\"><div class=\"jet-listing-dynamic-field__content\" >ISPN<\/div><\/div><\/div>\t\t\t\t<\/div>\n\t\t\t\t<\/div>\n\t\t\t\t\t<\/div>\n\t\t\t\t<\/div>\n\t\t\t\t<div class=\"elementor-element elementor-element-c740152 elementor-widget__width-inherit elementor-widget elementor-widget-heading\" data-id=\"c740152\" data-element_type=\"widget\" data-widget_type=\"heading.default\">\n\t\t\t\t<div class=\"elementor-widget-container\">\n\t\t\t\t\t<h2 class=\"elementor-heading-title elementor-size-default\">More information &quot;<\/h2>\t\t\t\t<\/div>\n\t\t\t\t<\/div>\n\t\t\t\t\t<\/div>\n\t\t\t\t<\/div>\n\t\t\t\t<\/div>\n\t\t<a href=\"https:\/\/wordpress-wyy8bhlsif5v8gukfr0yhxue.studio.tikovolpe.com.br\/en\/_prog-filantropia\/spots-filantropia-que-transforma-pppecos-e-cerrado-coracao-das-aguas\/\" class=\"jet-engine-listing-overlay-link\"><\/a><\/div><\/div><div class=\"jet-listing-grid__item jet-listing-dynamic-post-8989\" data-post-id=\"8989\"  ><div class=\"jet-engine-listing-overlay-wrap\" data-url=\"https:\/\/wordpress-wyy8bhlsif5v8gukfr0yhxue.studio.tikovolpe.com.br\/en\/_prog-filantropia\/segunda-temporada-do-podcast-da-brazil-foundation-com-foco-em-instituicoes-apoiadas-pelo-fundo-do-meio-ambiente-e-mudancas-climaticas\/\">\t\t<div data-elementor-type=\"jet-listing-items\" data-elementor-id=\"5361\" class=\"elementor elementor-5361\" data-elementor-post-type=\"jet-engine\">\n\t\t\t\t<div class=\"elementor-element elementor-element-9b3f07b e-flex e-con-boxed e-con e-parent\" data-id=\"9b3f07b\" data-element_type=\"container\" data-settings=\"{&quot;jet_parallax_layout_list&quot;:[]}\">\n\t\t\t\t\t<div class=\"e-con-inner\">\n\t\t\t\t<div class=\"elementor-element elementor-element-031a282 elementor-widget elementor-widget-image\" data-id=\"031a282\" data-element_type=\"widget\" data-widget_type=\"image.default\">\n\t\t\t\t<div class=\"elementor-widget-container\">\n\t\t\t\t\t\t\t\t\t\t\t\t\t\t\t<img decoding=\"async\" width=\"2000\" height=\"1278\" data-src=\"https:\/\/wordpress-wyy8bhlsif5v8gukfr0yhxue.studio.tikovolpe.com.br\/wp-content\/uploads\/2024\/08\/2-card-site-podcast-BrasilFoundation.png\" class=\"attachment-full size-full wp-image-8990 lazyload\" alt=\"\" data-srcset=\"https:\/\/wordpress-wyy8bhlsif5v8gukfr0yhxue.studio.tikovolpe.com.br\/wp-content\/uploads\/2024\/08\/2-card-site-podcast-BrasilFoundation.png 2000w, https:\/\/wordpress-wyy8bhlsif5v8gukfr0yhxue.studio.tikovolpe.com.br\/wp-content\/smush-webp\/2024\/08\/2-card-site-podcast-BrasilFoundation-300x192.png.webp 300w, https:\/\/wordpress-wyy8bhlsif5v8gukfr0yhxue.studio.tikovolpe.com.br\/wp-content\/smush-webp\/2024\/08\/2-card-site-podcast-BrasilFoundation-1024x654.png.webp 1024w, https:\/\/wordpress-wyy8bhlsif5v8gukfr0yhxue.studio.tikovolpe.com.br\/wp-content\/smush-webp\/2024\/08\/2-card-site-podcast-BrasilFoundation-768x491.png.webp 768w, https:\/\/wordpress-wyy8bhlsif5v8gukfr0yhxue.studio.tikovolpe.com.br\/wp-content\/smush-webp\/2024\/08\/2-card-site-podcast-BrasilFoundation-1536x982.png.webp 1536w, https:\/\/wordpress-wyy8bhlsif5v8gukfr0yhxue.studio.tikovolpe.com.br\/wp-content\/smush-webp\/2024\/08\/2-card-site-podcast-BrasilFoundation-18x12.png.webp 18w\" data-sizes=\"(max-width: 2000px) 100vw, 2000px\" src=\"data:image\/svg+xml;base64,PHN2ZyB3aWR0aD0iMSIgaGVpZ2h0PSIxIiB4bWxucz0iaHR0cDovL3d3dy53My5vcmcvMjAwMC9zdmciPjwvc3ZnPg==\" style=\"--smush-placeholder-width: 2000px; --smush-placeholder-aspect-ratio: 2000\/1278;\" \/>\t\t\t\t\t\t\t\t\t\t\t\t\t\t\t<\/div>\n\t\t\t\t<\/div>\n\t\t<div class=\"elementor-element elementor-element-9e0e218 e-con-full e-flex e-con e-child\" data-id=\"9e0e218\" data-element_type=\"container\" data-settings=\"{&quot;background_background&quot;:&quot;classic&quot;,&quot;jet_parallax_layout_list&quot;:[]}\">\n\t\t\t\t<div class=\"elementor-element elementor-element-f0fffbe elementor-widget__width-inherit elementor-widget elementor-widget-heading\" data-id=\"f0fffbe\" data-element_type=\"widget\" data-widget_type=\"heading.default\">\n\t\t\t\t<div class=\"elementor-widget-container\">\n\t\t\t\t\t<h2 class=\"elementor-heading-title elementor-size-default\">Quando: setembro<\/h2>\t\t\t\t<\/div>\n\t\t\t\t<\/div>\n\t\t\t\t<\/div>\n\t\t<div class=\"elementor-element elementor-element-4d640b5 e-flex e-con-boxed e-con e-child\" data-id=\"4d640b5\" data-element_type=\"container\" data-settings=\"{&quot;jet_parallax_layout_list&quot;:[]}\">\n\t\t\t\t\t<div class=\"e-con-inner\">\n\t\t\t\t<div class=\"elementor-element elementor-element-9638f70 elementor-widget__width-inherit elementor-widget elementor-widget-heading\" data-id=\"9638f70\" data-element_type=\"widget\" data-widget_type=\"heading.default\">\n\t\t\t\t<div class=\"elementor-widget-container\">\n\t\t\t\t\t<h2 class=\"elementor-heading-title elementor-size-default\">Segunda temporada do podcast da Brazil Foundation com foco em institui\u00e7\u00f5es apoiadas pelo Fundo do Meio Ambiente e Mudan\u00e7as Clim\u00e1ticas<\/h2>\t\t\t\t<\/div>\n\t\t\t\t<\/div>\n\t\t\t\t<div class=\"elementor-element elementor-element-4e7335f elementor-widget elementor-widget-heading\" data-id=\"4e7335f\" data-element_type=\"widget\" data-widget_type=\"heading.default\">\n\t\t\t\t<div class=\"elementor-widget-container\">\n\t\t\t\t\t<h2 class=\"elementor-heading-title elementor-size-default\">Organization:<\/h2>\t\t\t\t<\/div>\n\t\t\t\t<\/div>\n\t\t\t\t<div class=\"elementor-element elementor-element-62bd0ae elementor-widget__width-inherit elementor-widget elementor-widget-jet-listing-dynamic-field\" data-id=\"62bd0ae\" data-element_type=\"widget\" data-widget_type=\"jet-listing-dynamic-field.default\">\n\t\t\t\t<div class=\"elementor-widget-container\">\n\t\t\t\t\t<div class=\"jet-listing jet-listing-dynamic-field display-inline\"><div class=\"jet-listing-dynamic-field__inline-wrap\"><div class=\"jet-listing-dynamic-field__content\" >BrazilFoundation<\/div><\/div><\/div>\t\t\t\t<\/div>\n\t\t\t\t<\/div>\n\t\t\t\t\t<\/div>\n\t\t\t\t<\/div>\n\t\t\t\t<div class=\"elementor-element elementor-element-c740152 elementor-widget__width-inherit elementor-widget elementor-widget-heading\" data-id=\"c740152\" data-element_type=\"widget\" data-widget_type=\"heading.default\">\n\t\t\t\t<div class=\"elementor-widget-container\">\n\t\t\t\t\t<h2 class=\"elementor-heading-title elementor-size-default\">More information &quot;<\/h2>\t\t\t\t<\/div>\n\t\t\t\t<\/div>\n\t\t\t\t\t<\/div>\n\t\t\t\t<\/div>\n\t\t\t\t<\/div>\n\t\t<a href=\"https:\/\/wordpress-wyy8bhlsif5v8gukfr0yhxue.studio.tikovolpe.com.br\/en\/_prog-filantropia\/segunda-temporada-do-podcast-da-brazil-foundation-com-foco-em-instituicoes-apoiadas-pelo-fundo-do-meio-ambiente-e-mudancas-climaticas\/\" class=\"jet-engine-listing-overlay-link\"><\/a><\/div><\/div><\/div><\/div>\t\t\t\t<\/div>\n\t\t\t\t<\/div>\n\t\t\t\t<div class=\"elementor-element elementor-element-d428be4 elementor-widget__width-initial elementor-widget-laptop__width-inherit elementor-widget-tablet_extra__width-inherit elementor-widget elementor-widget-jet-listing-grid\" data-id=\"d428be4\" data-element_type=\"widget\" data-settings=\"{&quot;columns&quot;:&quot;3&quot;,&quot;columns_tablet&quot;:&quot;1&quot;}\" data-widget_type=\"jet-listing-grid.default\">\n\t\t\t\t<div class=\"elementor-widget-container\">\n\t\t\t\t\t<div class=\"jet-listing-grid jet-listing-grid--lazy-load jet-listing jet-listing-grid-loading\" data-lazy-load=\"{&quot;offset&quot;:&quot;0px&quot;,&quot;post_id&quot;:9043,&quot;queried_id&quot;:&quot;9043|WP_Post&quot;}\"><div class=\"jet-listing-grid__loader\"><div class=\"jet-listing-grid__loader-spinner\"><\/div><\/div><\/div>\t\t\t\t<\/div>\n\t\t\t\t<\/div>\n\t\t\t\t<\/div>\n\t\t\t\t<\/div>","protected":false},"excerpt":{"rendered":"<p>LAN\u00c7AMENTO PODCASTS 2024 Organiza\u00e7\u00e3o: ISPN Mais informa\u00e7\u00f5es \u00bb Organiza\u00e7\u00e3o: BrazilFoundation Mais informa\u00e7\u00f5es \u00bb<\/p>","protected":false},"author":1,"featured_media":0,"parent":0,"menu_order":0,"comment_status":"closed","ping_status":"closed","template":"elementor_header_footer","meta":{"footnotes":""},"class_list":["post-9043","page","type-page","status-publish","hentry"],"_links":{"self":[{"href":"https:\/\/wordpress-wyy8bhlsif5v8gukfr0yhxue.studio.tikovolpe.com.br\/en\/wp-json\/wp\/v2\/pages\/9043","targetHints":{"allow":["GET"]}}],"collection":[{"href":"https:\/\/wordpress-wyy8bhlsif5v8gukfr0yhxue.studio.tikovolpe.com.br\/en\/wp-json\/wp\/v2\/pages"}],"about":[{"href":"https:\/\/wordpress-wyy8bhlsif5v8gukfr0yhxue.studio.tikovolpe.com.br\/en\/wp-json\/wp\/v2\/types\/page"}],"author":[{"embeddable":true,"href":"https:\/\/wordpress-wyy8bhlsif5v8gukfr0yhxue.studio.tikovolpe.com.br\/en\/wp-json\/wp\/v2\/users\/1"}],"replies":[{"embeddable":true,"href":"https:\/\/wordpress-wyy8bhlsif5v8gukfr0yhxue.studio.tikovolpe.com.br\/en\/wp-json\/wp\/v2\/comments?post=9043"}],"version-history":[{"count":0,"href":"https:\/\/wordpress-wyy8bhlsif5v8gukfr0yhxue.studio.tikovolpe.com.br\/en\/wp-json\/wp\/v2\/pages\/9043\/revisions"}],"wp:attachment":[{"href":"https:\/\/wordpress-wyy8bhlsif5v8gukfr0yhxue.studio.tikovolpe.com.br\/en\/wp-json\/wp\/v2\/media?parent=9043"}],"curies":[{"name":"wp","href":"https:\/\/api.w.org\/{rel}","templated":true}]}}