{"id":7181,"date":"2023-11-29T18:42:25","date_gmt":"2023-11-29T21:42:25","guid":{"rendered":"https:\/\/redecomua.org.br\/?page_id=7181"},"modified":"2024-02-20T15:56:47","modified_gmt":"2024-02-20T18:56:47","slug":"aliancas","status":"publish","type":"page","link":"https:\/\/wordpress-wyy8bhlsif5v8gukfr0yhxue.studio.tikovolpe.com.br\/en\/aliancas\/","title":{"rendered":"Alliances"},"content":{"rendered":"<div data-elementor-type=\"wp-page\" data-elementor-id=\"7181\" class=\"elementor elementor-7181\" data-elementor-settings=\"{&quot;element_pack_global_tooltip_width&quot;:{&quot;unit&quot;:&quot;px&quot;,&quot;size&quot;:&quot;&quot;,&quot;sizes&quot;:[]},&quot;element_pack_global_tooltip_width_widescreen&quot;:{&quot;unit&quot;:&quot;px&quot;,&quot;size&quot;:&quot;&quot;,&quot;sizes&quot;:[]},&quot;element_pack_global_tooltip_width_laptop&quot;:{&quot;unit&quot;:&quot;px&quot;,&quot;size&quot;:&quot;&quot;,&quot;sizes&quot;:[]},&quot;element_pack_global_tooltip_width_tablet_extra&quot;:{&quot;unit&quot;:&quot;px&quot;,&quot;size&quot;:&quot;&quot;,&quot;sizes&quot;:[]},&quot;element_pack_global_tooltip_width_tablet&quot;:{&quot;unit&quot;:&quot;px&quot;,&quot;size&quot;:&quot;&quot;,&quot;sizes&quot;:[]},&quot;element_pack_global_tooltip_width_mobile&quot;:{&quot;unit&quot;:&quot;px&quot;,&quot;size&quot;:&quot;&quot;,&quot;sizes&quot;:[]},&quot;element_pack_global_tooltip_padding&quot;:{&quot;unit&quot;:&quot;px&quot;,&quot;top&quot;:&quot;&quot;,&quot;right&quot;:&quot;&quot;,&quot;bottom&quot;:&quot;&quot;,&quot;left&quot;:&quot;&quot;,&quot;isLinked&quot;:true},&quot;element_pack_global_tooltip_padding_widescreen&quot;:{&quot;unit&quot;:&quot;px&quot;,&quot;top&quot;:&quot;&quot;,&quot;right&quot;:&quot;&quot;,&quot;bottom&quot;:&quot;&quot;,&quot;left&quot;:&quot;&quot;,&quot;isLinked&quot;:true},&quot;element_pack_global_tooltip_padding_laptop&quot;:{&quot;unit&quot;:&quot;px&quot;,&quot;top&quot;:&quot;&quot;,&quot;right&quot;:&quot;&quot;,&quot;bottom&quot;:&quot;&quot;,&quot;left&quot;:&quot;&quot;,&quot;isLinked&quot;:true},&quot;element_pack_global_tooltip_padding_tablet_extra&quot;:{&quot;unit&quot;:&quot;px&quot;,&quot;top&quot;:&quot;&quot;,&quot;right&quot;:&quot;&quot;,&quot;bottom&quot;:&quot;&quot;,&quot;left&quot;:&quot;&quot;,&quot;isLinked&quot;:true},&quot;element_pack_global_tooltip_padding_tablet&quot;:{&quot;unit&quot;:&quot;px&quot;,&quot;top&quot;:&quot;&quot;,&quot;right&quot;:&quot;&quot;,&quot;bottom&quot;:&quot;&quot;,&quot;left&quot;:&quot;&quot;,&quot;isLinked&quot;:true},&quot;element_pack_global_tooltip_padding_mobile&quot;:{&quot;unit&quot;:&quot;px&quot;,&quot;top&quot;:&quot;&quot;,&quot;right&quot;:&quot;&quot;,&quot;bottom&quot;:&quot;&quot;,&quot;left&quot;:&quot;&quot;,&quot;isLinked&quot;:true},&quot;element_pack_global_tooltip_border_radius&quot;:{&quot;unit&quot;:&quot;px&quot;,&quot;top&quot;:&quot;&quot;,&quot;right&quot;:&quot;&quot;,&quot;bottom&quot;:&quot;&quot;,&quot;left&quot;:&quot;&quot;,&quot;isLinked&quot;:true},&quot;element_pack_global_tooltip_border_radius_widescreen&quot;:{&quot;unit&quot;:&quot;px&quot;,&quot;top&quot;:&quot;&quot;,&quot;right&quot;:&quot;&quot;,&quot;bottom&quot;:&quot;&quot;,&quot;left&quot;:&quot;&quot;,&quot;isLinked&quot;:true},&quot;element_pack_global_tooltip_border_radius_laptop&quot;:{&quot;unit&quot;:&quot;px&quot;,&quot;top&quot;:&quot;&quot;,&quot;right&quot;:&quot;&quot;,&quot;bottom&quot;:&quot;&quot;,&quot;left&quot;:&quot;&quot;,&quot;isLinked&quot;:true},&quot;element_pack_global_tooltip_border_radius_tablet_extra&quot;:{&quot;unit&quot;:&quot;px&quot;,&quot;top&quot;:&quot;&quot;,&quot;right&quot;:&quot;&quot;,&quot;bottom&quot;:&quot;&quot;,&quot;left&quot;:&quot;&quot;,&quot;isLinked&quot;:true},&quot;element_pack_global_tooltip_border_radius_tablet&quot;:{&quot;unit&quot;:&quot;px&quot;,&quot;top&quot;:&quot;&quot;,&quot;right&quot;:&quot;&quot;,&quot;bottom&quot;:&quot;&quot;,&quot;left&quot;:&quot;&quot;,&quot;isLinked&quot;:true},&quot;element_pack_global_tooltip_border_radius_mobile&quot;:{&quot;unit&quot;:&quot;px&quot;,&quot;top&quot;:&quot;&quot;,&quot;right&quot;:&quot;&quot;,&quot;bottom&quot;:&quot;&quot;,&quot;left&quot;:&quot;&quot;,&quot;isLinked&quot;:true}}\" data-elementor-post-type=\"page\">\n\t\t\t\t<div class=\"elementor-element elementor-element-8ae24ea e-con-full e-flex e-con e-parent\" data-id=\"8ae24ea\" data-element_type=\"container\" data-settings=\"{&quot;background_background&quot;:&quot;classic&quot;,&quot;jet_parallax_layout_list&quot;:[]}\">\n\t\t\t\t<\/div>\n\t\t<div class=\"elementor-element elementor-element-b8d02f6 e-con-full e-flex e-con e-parent\" data-id=\"b8d02f6\" data-element_type=\"container\" data-settings=\"{&quot;jet_parallax_layout_list&quot;:[]}\">\n\t\t<div class=\"elementor-element elementor-element-077b005 e-con-full e-flex e-con e-parent\" data-id=\"077b005\" data-element_type=\"container\" data-settings=\"{&quot;jet_parallax_layout_list&quot;:[]}\">\n\t\t\t\t<div class=\"elementor-element elementor-element-afd5a21 elementor-widget__width-initial elementor-widget elementor-widget-heading\" data-id=\"afd5a21\" data-element_type=\"widget\" data-widget_type=\"heading.default\">\n\t\t\t\t<div class=\"elementor-widget-container\">\n\t\t\t\t\t<h1 class=\"elementor-heading-title elementor-size-default\">Alliances<\/h1>\t\t\t\t<\/div>\n\t\t\t\t<\/div>\n\t\t\t\t<div class=\"elementor-element elementor-element-016b561 elementor-widget elementor-widget-text-editor\" data-id=\"016b561\" data-element_type=\"widget\" data-widget_type=\"text-editor.default\">\n\t\t\t\t<div class=\"elementor-widget-container\">\n\t\t\t\t\t\t\t\t\t<p><span style=\"font-weight: 400;\">No contexto da Rede Comu\u00e1 tem surgido alian\u00e7as entre\u00a0 organiza\u00e7\u00f5es membro, criadas\u00a0 em torno de vis\u00f5es, pr\u00e1ticas e temas comuns. Esses arranjos promovem reflex\u00f5es, troca de experi\u00eancias, a constru\u00e7\u00e3o de conhecimento e de estrat\u00e9gias\u00a0 voltadas \u00e0\u00a0 mobiliza\u00e7\u00e3o de recursos.\u00a0\u00a0<\/span><\/p><p><span style=\"font-weight: 400;\">As comunidades de pr\u00e1tica promovidas pela Comu\u00e1, que envolvem membros e parceiros, s\u00e3o espa\u00e7os estrat\u00e9gicos para o fortalecimento dessas alian\u00e7as, e contam com apoio da Rede, j\u00e1 que s\u00e3o articula\u00e7\u00f5es que visam tamb\u00e9m incidir sobre o campo da filantropia.<\/span><\/p><p><span style=\"font-weight: 400;\">A Rede Comu\u00e1 tem duas Alian\u00e7as envolvendo seus membros:<\/span><\/p>\t\t\t\t\t\t\t\t<\/div>\n\t\t\t\t<\/div>\n\t\t\t\t<\/div>\n\t\t\t\t<div class=\"elementor-element elementor-element-d9344da elementor-widget__width-initial elementor-widget-tablet__width-initial elementor-widget elementor-widget-image\" data-id=\"d9344da\" data-element_type=\"widget\" data-widget_type=\"image.default\">\n\t\t\t\t<div class=\"elementor-widget-container\">\n\t\t\t\t\t\t\t\t\t\t\t\t\t\t\t<img fetchpriority=\"high\" decoding=\"async\" width=\"844\" height=\"812\" src=\"https:\/\/wordpress-wyy8bhlsif5v8gukfr0yhxue.studio.tikovolpe.com.br\/wp-content\/uploads\/2023\/11\/aliancas-rede-comua-de-filantropia.png\" class=\"attachment-full size-full wp-image-7184\" alt=\"\" srcset=\"https:\/\/wordpress-wyy8bhlsif5v8gukfr0yhxue.studio.tikovolpe.com.br\/wp-content\/uploads\/2023\/11\/aliancas-rede-comua-de-filantropia.png 844w, https:\/\/wordpress-wyy8bhlsif5v8gukfr0yhxue.studio.tikovolpe.com.br\/wp-content\/smush-webp\/2023\/11\/aliancas-rede-comua-de-filantropia-300x289.png.webp 300w, https:\/\/wordpress-wyy8bhlsif5v8gukfr0yhxue.studio.tikovolpe.com.br\/wp-content\/smush-webp\/2023\/11\/aliancas-rede-comua-de-filantropia-768x739.png.webp 768w, https:\/\/wordpress-wyy8bhlsif5v8gukfr0yhxue.studio.tikovolpe.com.br\/wp-content\/uploads\/2023\/11\/aliancas-rede-comua-de-filantropia-12x12.png 12w\" sizes=\"(max-width: 844px) 100vw, 844px\" \/>\t\t\t\t\t\t\t\t\t\t\t\t\t\t\t<\/div>\n\t\t\t\t<\/div>\n\t\t\t\t<div class=\"elementor-element elementor-element-271ef7c elementor-widget__width-inherit elementor-widget elementor-widget-heading\" data-id=\"271ef7c\" data-element_type=\"widget\" data-widget_type=\"heading.default\">\n\t\t\t\t<div class=\"elementor-widget-container\">\n\t\t\t\t\t<h2 class=\"elementor-heading-title elementor-size-default\">Alliance between Funds<\/h2>\t\t\t\t<\/div>\n\t\t\t\t<\/div>\n\t\t\t\t<div class=\"elementor-element elementor-element-87b3411 elementor-widget__width-inherit elementor-widget-divider--view-line elementor-widget elementor-widget-divider\" data-id=\"87b3411\" data-element_type=\"widget\" data-widget_type=\"divider.default\">\n\t\t\t\t<div class=\"elementor-widget-container\">\n\t\t\t\t\t\t\t<div class=\"elementor-divider\">\n\t\t\t<span class=\"elementor-divider-separator\">\n\t\t\t\t\t\t<\/span>\n\t\t<\/div>\n\t\t\t\t\t\t<\/div>\n\t\t\t\t<\/div>\n\t\t<div class=\"elementor-element elementor-element-c0b0f79 e-con-full e-flex e-con e-parent\" data-id=\"c0b0f79\" data-element_type=\"container\" data-settings=\"{&quot;jet_parallax_layout_list&quot;:[]}\">\n\t\t\t\t<div class=\"elementor-element elementor-element-07f96c4 elementor-widget__width-initial elementor-widget-tablet__width-initial elementor-widget elementor-widget-image\" data-id=\"07f96c4\" data-element_type=\"widget\" data-widget_type=\"image.default\">\n\t\t\t\t<div class=\"elementor-widget-container\">\n\t\t\t\t\t\t\t\t\t\t\t\t\t\t\t<img decoding=\"async\" width=\"300\" height=\"109\" data-src=\"https:\/\/wordpress-wyy8bhlsif5v8gukfr0yhxue.studio.tikovolpe.com.br\/wp-content\/uploads\/2023\/12\/alianca2-300x109-1.png\" class=\"attachment-full size-full wp-image-7195 lazyload\" alt=\"\" data-srcset=\"https:\/\/wordpress-wyy8bhlsif5v8gukfr0yhxue.studio.tikovolpe.com.br\/wp-content\/uploads\/2023\/12\/alianca2-300x109-1.png 300w, https:\/\/wordpress-wyy8bhlsif5v8gukfr0yhxue.studio.tikovolpe.com.br\/wp-content\/smush-webp\/2023\/12\/alianca2-300x109-1-18x7.png.webp 18w\" data-sizes=\"(max-width: 300px) 100vw, 300px\" src=\"data:image\/svg+xml;base64,PHN2ZyB3aWR0aD0iMSIgaGVpZ2h0PSIxIiB4bWxucz0iaHR0cDovL3d3dy53My5vcmcvMjAwMC9zdmciPjwvc3ZnPg==\" style=\"--smush-placeholder-width: 300px; --smush-placeholder-aspect-ratio: 300\/109;\" \/>\t\t\t\t\t\t\t\t\t\t\t\t\t\t\t<\/div>\n\t\t\t\t<\/div>\n\t\t<div class=\"elementor-element elementor-element-b95c28e e-con-full e-flex e-con e-parent\" data-id=\"b95c28e\" data-element_type=\"container\" data-settings=\"{&quot;jet_parallax_layout_list&quot;:[]}\">\n\t\t\t\t<div class=\"elementor-element elementor-element-519c5fe elementor-widget__width-inherit elementor-widget elementor-widget-text-editor\" data-id=\"519c5fe\" data-element_type=\"widget\" data-widget_type=\"text-editor.default\">\n\t\t\t\t<div class=\"elementor-widget-container\">\n\t\t\t\t\t\t\t\t\t<p><span style=\"font-weight: 400;\">Integrada pelo Fundo Baob\u00e1 para Equidade Racial, o Fundo Brasil e o Fundo Casa Socioambiental, a Alian\u00e7a surge em 2021, no \u00e2mbito da Rede Comu\u00e1, como a\u00e7\u00e3o estrat\u00e9gica e inovadora no percurso das trocas e di\u00e1logos entre os fundos sobre os obst\u00e1culos e aprendizados forjados no fortalecimento da agenda por justi\u00e7a social durante a pandemia da Covid-19.<\/span><\/p><p><span style=\"font-weight: 400;\">Os tr\u00eas fundos foram impulsionados pelo reconhecimento da atua\u00e7\u00e3o e do protagonismo dos povos tradicionais, ind\u00edgenas e das organiza\u00e7\u00f5es de base comunit\u00e1ria no contexto da pandemia. Em um primeiro momento, de forma individual, esses fundos realizaram convocat\u00f3rias emergenciais de apoio a a\u00e7\u00f5es de grupos, organiza\u00e7\u00f5es e indiv\u00edduos em situa\u00e7\u00e3o de maior vulnerabilidade.<\/span><\/p><p><span style=\"font-weight: 400;\">Inicialmente, a Alian\u00e7a entre Fundos elegeu como prioridade a redu\u00e7\u00e3o dos impactos provocados pela crise sanit\u00e1ria, econ\u00f4mica, social e pol\u00edtica no pa\u00eds, especialmente, junto a grupos que vivem em contextos de vulnerabilidade agravada pela pandemia da Covid-19. Esta iniciativa\u00a0 pioneira no Brasil, portanto, s\u00f3 \u00e9 poss\u00edvel em raz\u00e3o das fortes rela\u00e7\u00f5es de confian\u00e7a constru\u00eddas por essas organiza\u00e7\u00f5es filantr\u00f3picas independentes ao longo de anos com as redes, grupos, movimentos e organiza\u00e7\u00f5es de base comunit\u00e1ria.<\/span><\/p><p><span style=\"font-weight: 400;\">Ciente de que a pandemia n\u00e3o \u00e9 a primeira e nem ser\u00e1 a \u00faltima crise aguda a amea\u00e7ar e afetar de modo diferenciado essas popula\u00e7\u00f5es, a iniciativa se mant\u00e9m no lugar da escuta para continuar apoiando os grupos mais vulnerabilizados nestes enfrentamentos. O maior objetivo \u00e9 apoiar diretamente as comunidades tradicionais e locais, contribuindo para aumentar a resili\u00eancia dessas popula\u00e7\u00f5es.<\/span><\/p>\t\t\t\t\t\t\t\t<\/div>\n\t\t\t\t<\/div>\n\t\t\t\t<div class=\"elementor-element elementor-element-4012fe0 elementor-mobile-align-justify elementor-widget__width-inherit elementor-widget elementor-widget-button\" data-id=\"4012fe0\" data-element_type=\"widget\" data-widget_type=\"button.default\">\n\t\t\t\t<div class=\"elementor-widget-container\">\n\t\t\t\t\t\t\t\t\t<div class=\"elementor-button-wrapper\">\n\t\t\t\t\t<a class=\"elementor-button elementor-button-link elementor-size-md\" href=\"https:\/\/aliancaentrefundos.org.br\/\" target=\"_blank\" rel=\"noopener\">\n\t\t\t\t\t\t<span class=\"elementor-button-content-wrapper\">\n\t\t\t\t\t\t\t\t\t<span class=\"elementor-button-text\">know more<\/span>\n\t\t\t\t\t<\/span>\n\t\t\t\t\t<\/a>\n\t\t\t\t<\/div>\n\t\t\t\t\t\t\t\t<\/div>\n\t\t\t\t<\/div>\n\t\t\t\t<\/div>\n\t\t\t\t<\/div>\n\t\t\t\t<div class=\"elementor-element elementor-element-69672fe elementor-widget__width-inherit elementor-widget elementor-widget-heading\" data-id=\"69672fe\" data-element_type=\"widget\" data-widget_type=\"heading.default\">\n\t\t\t\t<div class=\"elementor-widget-container\">\n\t\t\t\t\t<h2 class=\"elementor-heading-title elementor-size-default\">Territorial Alliance<\/h2>\t\t\t\t<\/div>\n\t\t\t\t<\/div>\n\t\t\t\t<div class=\"elementor-element elementor-element-3878d89 elementor-widget__width-inherit elementor-widget-divider--view-line elementor-widget elementor-widget-divider\" data-id=\"3878d89\" data-element_type=\"widget\" data-widget_type=\"divider.default\">\n\t\t\t\t<div class=\"elementor-widget-container\">\n\t\t\t\t\t\t\t<div class=\"elementor-divider\">\n\t\t\t<span class=\"elementor-divider-separator\">\n\t\t\t\t\t\t<\/span>\n\t\t<\/div>\n\t\t\t\t\t\t<\/div>\n\t\t\t\t<\/div>\n\t\t<div class=\"elementor-element elementor-element-9f61a6e e-con-full e-flex e-con e-parent\" data-id=\"9f61a6e\" data-element_type=\"container\" data-settings=\"{&quot;jet_parallax_layout_list&quot;:[]}\">\n\t\t<div class=\"elementor-element elementor-element-f4290ad e-con-full e-flex e-con e-parent\" data-id=\"f4290ad\" data-element_type=\"container\" data-settings=\"{&quot;jet_parallax_layout_list&quot;:[]}\">\n\t\t\t\t<div class=\"elementor-element elementor-element-88ecc3e elementor-widget elementor-widget-text-editor\" data-id=\"88ecc3e\" data-element_type=\"widget\" data-widget_type=\"text-editor.default\">\n\t\t\t\t<div class=\"elementor-widget-container\">\n\t\t\t\t\t\t\t\t\t<p><span style=\"font-weight: 400;\">Criada em abril de 2023, a Alian\u00e7a Territorial \u00e9 integrada por sete organiza\u00e7\u00f5es membro da Rede Comu\u00e1 &#8211; Casa Fluminense, Fundo Brasileiro de Educa\u00e7\u00e3o Ambiental (FunBEA), Instituto Comunit\u00e1rio Baixada Maranhense (Baixada), Instituto Comunit\u00e1rio Grande Florian\u00f3polis (ICOM), Instituto Procomum (IP), Redes da Mar\u00e9 e Tab\u00f4a Fortalecimento Comunit\u00e1rio, a partir do reconhecimento comum da sua atua\u00e7\u00e3o territorial e pelo entendimento do territ\u00f3rio como um espa\u00e7o p\u00fablico e lugar decisivo de afirma\u00e7\u00e3o, garantia e defesa de direitos e da vida.\u00a0<\/span><\/p><p><span style=\"font-weight: 400;\">\u00c9 no territ\u00f3rio que se materializam as desigualdades historicamente constru\u00eddas e tamb\u00e9m as diversas formas de resist\u00eancia, resili\u00eancia e inova\u00e7\u00e3o cidad\u00e3 protagonizadas pelas comunidades. Nessa perspectiva, territorializar a filantropia com foco na constru\u00e7\u00e3o de justi\u00e7a socioambiental e cultural \u00e9 assumir a centralidade das comunidades como protagonistas das mudan\u00e7as, definindo suas agendas priorit\u00e1rias, participando das decis\u00f5es sobre os recursos locais e da constru\u00e7\u00e3o e implementa\u00e7\u00e3o de respostas coletivas para os desafios vivenciados em seus cotidianos.<\/span><\/p><p><span style=\"font-weight: 400;\">Hoje, a partir da valoriza\u00e7\u00e3o dos territ\u00f3rios, suas solu\u00e7\u00f5es, tecnologias, saberes locais e ancestrais, essa filantropia realizada pelos fundos comunit\u00e1rios e organiza\u00e7\u00f5es de base territorial apoia e fortalece demandas coletivas, pautando novas formas de a\u00e7\u00e3o, participa\u00e7\u00e3o social e constru\u00e7\u00e3o de oportunidades de justi\u00e7a econ\u00f4mica, racial, de g\u00eanero e clim\u00e1tica. Em 2021, juntas, essas organiza\u00e7\u00f5es doaram 3,17 milh\u00f5es de reais distribu\u00eddos em 936 projetos e a\u00e7\u00f5es realizadas de norte a sul do Brasil.\u00a0<\/span><\/p>\t\t\t\t\t\t\t\t<\/div>\n\t\t\t\t<\/div>\n\t\t\t\t<div class=\"elementor-element elementor-element-631d5ba elementor-mobile-align-justify elementor-widget__width-inherit elementor-widget elementor-widget-button\" data-id=\"631d5ba\" data-element_type=\"widget\" data-widget_type=\"button.default\">\n\t\t\t\t<div class=\"elementor-widget-container\">\n\t\t\t\t\t\t\t\t\t<div class=\"elementor-button-wrapper\">\n\t\t\t\t\t<a class=\"elementor-button elementor-button-link elementor-size-md\" href=\"https:\/\/www.aliancaterritorial.org\/\" target=\"_blank\" rel=\"noopener\">\n\t\t\t\t\t\t<span class=\"elementor-button-content-wrapper\">\n\t\t\t\t\t\t\t\t\t<span class=\"elementor-button-text\">know more<\/span>\n\t\t\t\t\t<\/span>\n\t\t\t\t\t<\/a>\n\t\t\t\t<\/div>\n\t\t\t\t\t\t\t\t<\/div>\n\t\t\t\t<\/div>\n\t\t\t\t<\/div>\n\t\t\t\t<div class=\"elementor-element elementor-element-73a3731 elementor-widget__width-initial elementor-widget-tablet__width-initial elementor-widget elementor-widget-image\" data-id=\"73a3731\" data-element_type=\"widget\" data-widget_type=\"image.default\">\n\t\t\t\t<div class=\"elementor-widget-container\">\n\t\t\t\t\t\t\t\t\t\t\t\t\t\t\t<img decoding=\"async\" width=\"2048\" height=\"1153\" data-src=\"https:\/\/wordpress-wyy8bhlsif5v8gukfr0yhxue.studio.tikovolpe.com.br\/wp-content\/uploads\/2023\/09\/Procomum-45.jpg\" class=\"attachment-full size-full wp-image-6593 lazyload\" alt=\"\" data-srcset=\"https:\/\/wordpress-wyy8bhlsif5v8gukfr0yhxue.studio.tikovolpe.com.br\/wp-content\/uploads\/2023\/09\/Procomum-45.jpg 2048w, https:\/\/wordpress-wyy8bhlsif5v8gukfr0yhxue.studio.tikovolpe.com.br\/wp-content\/smush-webp\/2023\/09\/Procomum-45-300x169.jpg.webp 300w, https:\/\/wordpress-wyy8bhlsif5v8gukfr0yhxue.studio.tikovolpe.com.br\/wp-content\/smush-webp\/2023\/09\/Procomum-45-1024x577.jpg.webp 1024w, https:\/\/wordpress-wyy8bhlsif5v8gukfr0yhxue.studio.tikovolpe.com.br\/wp-content\/smush-webp\/2023\/09\/Procomum-45-768x432.jpg.webp 768w, https:\/\/wordpress-wyy8bhlsif5v8gukfr0yhxue.studio.tikovolpe.com.br\/wp-content\/smush-webp\/2023\/09\/Procomum-45-1536x865.jpg.webp 1536w, https:\/\/wordpress-wyy8bhlsif5v8gukfr0yhxue.studio.tikovolpe.com.br\/wp-content\/smush-webp\/2023\/09\/Procomum-45-18x10.jpg.webp 18w, https:\/\/wordpress-wyy8bhlsif5v8gukfr0yhxue.studio.tikovolpe.com.br\/wp-content\/smush-webp\/2023\/09\/Procomum-45-200x113.jpg.webp 200w\" data-sizes=\"(max-width: 2048px) 100vw, 2048px\" src=\"data:image\/svg+xml;base64,PHN2ZyB3aWR0aD0iMSIgaGVpZ2h0PSIxIiB4bWxucz0iaHR0cDovL3d3dy53My5vcmcvMjAwMC9zdmciPjwvc3ZnPg==\" style=\"--smush-placeholder-width: 2048px; --smush-placeholder-aspect-ratio: 2048\/1153;\" \/>\t\t\t\t\t\t\t\t\t\t\t\t\t\t\t<\/div>\n\t\t\t\t<\/div>\n\t\t\t\t<\/div>\n\t\t\t\t<\/div>\n\t\t\t\t<\/div>","protected":false},"excerpt":{"rendered":"<p>Alian\u00e7as No contexto da Rede Comu\u00e1 tem surgido alian\u00e7as entre\u00a0 organiza\u00e7\u00f5es membro, criadas\u00a0 em torno de vis\u00f5es, pr\u00e1ticas e temas comuns. Esses arranjos promovem reflex\u00f5es, troca de experi\u00eancias, a constru\u00e7\u00e3o de conhecimento e de estrat\u00e9gias\u00a0 voltadas \u00e0\u00a0 mobiliza\u00e7\u00e3o de recursos.\u00a0\u00a0 As comunidades de pr\u00e1tica promovidas pela Comu\u00e1, que envolvem membros e parceiros, s\u00e3o espa\u00e7os estrat\u00e9gicos [&hellip;]<\/p>","protected":false},"author":1,"featured_media":0,"parent":0,"menu_order":0,"comment_status":"closed","ping_status":"closed","template":"","meta":{"footnotes":""},"class_list":["post-7181","page","type-page","status-publish","hentry"],"_links":{"self":[{"href":"https:\/\/wordpress-wyy8bhlsif5v8gukfr0yhxue.studio.tikovolpe.com.br\/en\/wp-json\/wp\/v2\/pages\/7181","targetHints":{"allow":["GET"]}}],"collection":[{"href":"https:\/\/wordpress-wyy8bhlsif5v8gukfr0yhxue.studio.tikovolpe.com.br\/en\/wp-json\/wp\/v2\/pages"}],"about":[{"href":"https:\/\/wordpress-wyy8bhlsif5v8gukfr0yhxue.studio.tikovolpe.com.br\/en\/wp-json\/wp\/v2\/types\/page"}],"author":[{"embeddable":true,"href":"https:\/\/wordpress-wyy8bhlsif5v8gukfr0yhxue.studio.tikovolpe.com.br\/en\/wp-json\/wp\/v2\/users\/1"}],"replies":[{"embeddable":true,"href":"https:\/\/wordpress-wyy8bhlsif5v8gukfr0yhxue.studio.tikovolpe.com.br\/en\/wp-json\/wp\/v2\/comments?post=7181"}],"version-history":[{"count":0,"href":"https:\/\/wordpress-wyy8bhlsif5v8gukfr0yhxue.studio.tikovolpe.com.br\/en\/wp-json\/wp\/v2\/pages\/7181\/revisions"}],"wp:attachment":[{"href":"https:\/\/wordpress-wyy8bhlsif5v8gukfr0yhxue.studio.tikovolpe.com.br\/en\/wp-json\/wp\/v2\/media?parent=7181"}],"curies":[{"name":"wp","href":"https:\/\/api.w.org\/{rel}","templated":true}]}}